{"id":1239,"date":"2026-01-09T16:23:31","date_gmt":"2026-01-09T08:23:31","guid":{"rendered":"https:\/\/dachaomedical.com\/?page_id=1239"},"modified":"2026-01-12T11:07:09","modified_gmt":"2026-01-12T03:07:09","slug":"politica-de-cookies","status":"publish","type":"page","link":"https:\/\/dachaomedical.com\/es\/politica-de-cookies\/","title":{"rendered":"Pol\u00edtica de cookies"},"content":{"rendered":"<div data-elementor-type=\"wp-page\" data-elementor-id=\"1239\" class=\"elementor elementor-1239\" data-elementor-post-type=\"page\">\n\t\t\t\t<div class=\"elementor-element elementor-element-6a7078c9 e-flex e-con-boxed e-con e-parent\" data-id=\"6a7078c9\" data-element_type=\"container\">\n\t\t\t\t\t<div class=\"e-con-inner\">\n\t\t\t\t<div class=\"elementor-element elementor-element-3df0b06 abby-cus1 elementor-widget elementor-widget-text-editor\" data-id=\"3df0b06\" data-element_type=\"widget\" data-widget_type=\"text-editor.default\">\n\t\t\t\t\t\t\t\t\t\n<div class=\"wp-block-group is-layout-constrained wp-block-group-is-layout-constrained\">\n<h1 class=\"wp-block-heading\">Pol\u00edtica de cookies<\/h1>\n\n<p>Utilizamos cookies para ayudarle a navegar de forma eficiente y realizar determinadas funciones. A continuaci\u00f3n encontrar\u00e1 informaci\u00f3n detallada sobre todas las cookies en cada categor\u00eda de consentimiento.<\/p>\n\n<p>Las cookies clasificadas como \u201cNecesarias\u201d se almacenan en su navegador, ya que son esenciales para permitir las funcionalidades b\u00e1sicas del sitio.<\/p>\n\n<p>Tambi\u00e9n utilizamos cookies de terceros que nos ayudan a analizar c\u00f3mo utiliza este sitio web, almacenar sus preferencias y ofrecerle el contenido y la publicidad que sean relevantes para usted. Estas cookies solo se almacenar\u00e1n en su navegador con su consentimiento previo.<\/p>\n\n<p>Puede optar por activar o desactivar algunas o todas estas cookies, pero la desactivaci\u00f3n de algunas de ellas puede afectar a su experiencia de navegaci\u00f3n.<\/p>\n\n<h2 class=\"wp-block-heading\">Necesario<\/h2>\n\n<p>Las cookies necesarias se requieren para habilitar las funciones b\u00e1sicas de este sitio, como proporcionar un inicio de sesi\u00f3n seguro o ajustar sus preferencias de consentimiento. Estas cookies no almacenan ning\u00fan dato personal identificable.<\/p>\n\n<figure class=\"wp-block-table\">\n<table>\n<thead>\n<tr>\n<th class=\"has-text-align-left\" data-align=\"left\">Galleta<\/th>\n<th class=\"has-text-align-left\" data-align=\"left\">Duraci\u00f3n<\/th>\n<th class=\"has-text-align-left\" data-align=\"left\">Descripci\u00f3n<\/th>\n<\/tr>\n<\/thead>\n<tbody>\n<tr>\n<td class=\"has-text-align-left\" data-align=\"left\">cookieyes-consent<\/td>\n<td class=\"has-text-align-left\" data-align=\"left\">1 a\u00f1o<\/td>\n<td class=\"has-text-align-left\" data-align=\"left\">CookieYes establece esta cookie para recordar las preferencias de consentimiento de los usuarios, de modo que se respeten sus preferencias en visitas posteriores a este sitio. No recoge ni almacena ninguna informaci\u00f3n personal sobre los visitantes del sitio.<\/td>\n<\/tr>\n<\/tbody>\n<\/table>\n<\/figure>\n\n<h2 class=\"wp-block-heading\">Anal\u00edtica<\/h2>\n\n<p>Las cookies anal\u00edticas se utilizan para comprender c\u00f3mo interact\u00faan los visitantes con el sitio web. Estas cookies ayudan a proporcionar informaci\u00f3n sobre m\u00e9tricas como el n\u00famero de visitantes, la tasa de rebote, la fuente de tr\u00e1fico, etc.<\/p>\n\n<figure class=\"wp-block-table\">\n<table>\n<thead>\n<tr>\n<th class=\"has-text-align-left\" data-align=\"left\">Galleta<\/th>\n<th class=\"has-text-align-left\" data-align=\"left\">Duraci\u00f3n<\/th>\n<th class=\"has-text-align-left\" data-align=\"left\">Descripci\u00f3n<\/th>\n<\/tr>\n<\/thead>\n<tbody>\n<tr>\n<td class=\"has-text-align-left\" data-align=\"left\">No te preocupes.<\/td>\n<td class=\"has-text-align-left\" data-align=\"left\">1 a\u00f1o 1 mes 4 d\u00edas<\/td>\n<td class=\"has-text-align-left\" data-align=\"left\">Google Analytics instala esta cookie para almacenar y contar las visitas a las p\u00e1ginas.<\/td>\n<\/tr>\n<tr>\n<td class=\"has-text-align-left\" data-align=\"left\">_ga<\/td>\n<td class=\"has-text-align-left\" data-align=\"left\">1 a\u00f1o 1 mes 4 d\u00edas<\/td>\n<td class=\"has-text-align-left\" data-align=\"left\">Google Analytics instala esta cookie para calcular los datos de visitantes, sesiones y campa\u00f1as y realizar un seguimiento del uso del sitio para el informe de an\u00e1lisis del sitio. La cookie almacena la informaci\u00f3n de forma an\u00f3nima y asigna un n\u00famero generado aleatoriamente para reconocer a los visitantes \u00fanicos.<\/td>\n<\/tr>\n<\/tbody>\n<\/table>\n<\/figure>\n<\/div>\n\t\t\t\t\t\t\t\t<\/div>\n\t\t\t\t\t<\/div>\n\t\t\t\t<\/div>\n\t\t\t\t<\/div>","protected":false},"excerpt":{"rendered":"<p>Cookie Policy We use cookies to help you navigate efficiently and perform certain functions. You will find detailed information about all cookies under each consent category below. The cookies that are categorised as &#8220;Necessary&#8221; are stored on your browser as they are essential for enabling the basic functionalities of the site. We also use third-party [&hellip;]<\/p>","protected":false},"author":4,"featured_media":0,"parent":0,"menu_order":10,"comment_status":"closed","ping_status":"closed","template":"elementor_canvas","meta":{"footnotes":""},"class_list":["post-1239","page","type-page","status-publish","hentry"],"_links":{"self":[{"href":"https:\/\/dachaomedical.com\/es\/wp-json\/wp\/v2\/pages\/1239","targetHints":{"allow":["GET"]}}],"collection":[{"href":"https:\/\/dachaomedical.com\/es\/wp-json\/wp\/v2\/pages"}],"about":[{"href":"https:\/\/dachaomedical.com\/es\/wp-json\/wp\/v2\/types\/page"}],"author":[{"embeddable":true,"href":"https:\/\/dachaomedical.com\/es\/wp-json\/wp\/v2\/users\/4"}],"replies":[{"embeddable":true,"href":"https:\/\/dachaomedical.com\/es\/wp-json\/wp\/v2\/comments?post=1239"}],"version-history":[{"count":0,"href":"https:\/\/dachaomedical.com\/es\/wp-json\/wp\/v2\/pages\/1239\/revisions"}],"wp:attachment":[{"href":"https:\/\/dachaomedical.com\/es\/wp-json\/wp\/v2\/media?parent=1239"}],"curies":[{"name":"wp","href":"https:\/\/api.w.org\/{rel}","templated":true}]}}