{"id":3,"date":"2026-01-09T03:05:47","date_gmt":"2026-01-08T19:05:47","guid":{"rendered":"http:\/\/dachaomedical.com\/?page_id=3"},"modified":"2026-03-08T12:40:41","modified_gmt":"2026-03-08T04:40:41","slug":"politica-de-privacidad","status":"publish","type":"page","link":"https:\/\/dachaomedical.com\/es\/politica-de-privacidad\/","title":{"rendered":"Pol\u00edtica de privacidad"},"content":{"rendered":"<div data-elementor-type=\"wp-page\" data-elementor-id=\"3\" class=\"elementor elementor-3\" data-elementor-post-type=\"page\">\n\t\t\t\t<div class=\"elementor-element elementor-element-24a0be4c e-flex e-con-boxed e-con e-parent\" data-id=\"24a0be4c\" data-element_type=\"container\">\n\t\t\t\t\t<div class=\"e-con-inner\">\n\t\t\t\t<div class=\"elementor-element elementor-element-7c458fd1 abby-cus1 elementor-widget elementor-widget-text-editor\" data-id=\"7c458fd1\" data-element_type=\"widget\" data-widget_type=\"text-editor.default\">\n\t\t\t\t\t\t\t\t\t<p><\/p>\n<h1>Pol\u00edtica de privacidad<\/h1>\n<p><strong>\u00daltima actualizaci\u00f3n 09-Ene-2026<\/strong><\/p>\n<p><\/p>\n<p><strong>Fecha de entrada en vigor 09-Ene-2026<\/strong><\/p>\n<p><\/p>\n<p>La presente Pol\u00edtica de Privacidad describe las pol\u00edticas de DaChao, No. 26 Jianzhong Road, Tianhe District, Guangzhou, China, email: dachaomedical606@gmail.com, phone: +8613760600991 sobre la recopilaci\u00f3n, uso y divulgaci\u00f3n de la informaci\u00f3n que obtenemos de los usuarios a trav\u00e9s de nuestra p\u00e1gina web ( https:\/\/dachaomedical.com\/ ). (el \u201cServicio\u201d). Al acceder o utilizar el Servicio, usted consiente la recopilaci\u00f3n, uso y divulgaci\u00f3n de su informaci\u00f3n de conformidad con la presente Pol\u00edtica de Privacidad. Si no da su consentimiento, le rogamos que no acceda al Servicio ni lo utilice.<\/p>\n<p><\/p>\n<p>Podemos modificar esta Pol\u00edtica de Privacidad en cualquier momento sin previo aviso y publicaremos la Pol\u00edtica de Privacidad revisada en el Servicio. La Pol\u00edtica revisada entrar\u00e1 en vigor a los 180 d\u00edas de su publicaci\u00f3n en el Servicio y su acceso o uso continuado del Servicio despu\u00e9s de dicho plazo constituir\u00e1 su aceptaci\u00f3n de la Pol\u00edtica de Privacidad revisada. Por lo tanto, le recomendamos que revise peri\u00f3dicamente esta p\u00e1gina.<\/p>\n<p><\/p>\n<h2 class=\"wp-block-heading\">Informaci\u00f3n que recopilamos:<\/h2>\n<p><\/p>\n<p>Recopilaremos y procesaremos la siguiente informaci\u00f3n personal sobre usted:<\/p>\n<p><\/p>\n<ul class=\"wp-block-list\"><p><\/p>\n<li>Nombre<\/li>\n<p><\/p>\n<li>Correo electr\u00f3nico<\/li>\n<p><\/p>\n<li>M\u00f3vil<\/li>\n<p><\/p>\n<\/ul>\n<p><\/p>\n<h2 class=\"wp-block-heading\">C\u00f3mo utilizamos su informaci\u00f3n:<\/h2>\n<p><\/p>\n<p>Utilizaremos la informaci\u00f3n que recopilemos sobre usted para los siguientes fines:<\/p>\n<p><\/p>\n<ul class=\"wp-block-list\"><p><\/p>\n<li>Soporte<\/li>\n<p><\/p>\n<\/ul>\n<p><\/p>\n<p>Si deseamos utilizar su informaci\u00f3n para cualquier otro fin, le pediremos su consentimiento y utilizaremos su informaci\u00f3n s\u00f3lo cuando recibamos su consentimiento y, en ese caso, s\u00f3lo para el fin o fines para los que otorgamos el consentimiento, a menos que la ley nos obligue a hacer otra cosa.<\/p>\n<p><\/p>\n<h2 class=\"wp-block-heading\">C\u00f3mo compartimos su informaci\u00f3n:<\/h2>\n<p><\/p>\n<p>No transferiremos su informaci\u00f3n personal a ning\u00fan tercero sin solicitar su consentimiento, excepto en las circunstancias limitadas que se describen a continuaci\u00f3n:<\/p>\n<p><\/p>\n<ul class=\"wp-block-list\"><p><\/p>\n<li>Servicio de anuncios<\/li>\n<p><\/p>\n<li>Anal\u00edtica<\/li>\n<p><\/p>\n<\/ul>\n<p><\/p>\n<p>Exigimos a dichos terceros que utilicen la informaci\u00f3n personal que les transferimos \u00fanicamente para el fin para el que fue transferida y que no la conserven durante m\u00e1s tiempo del necesario para cumplir dicho fin.<\/p>\n<p><\/p>\n<p>Tambi\u00e9n podemos revelar su informaci\u00f3n personal para lo siguiente:<\/p>\n<p><\/p>\n<p>(1) para cumplir la legislaci\u00f3n, la normativa, las \u00f3rdenes judiciales u otros procedimientos legales aplicables;<\/p>\n<p><\/p>\n<p>(2) para hacer cumplir sus acuerdos con nosotros, incluida esta Pol\u00edtica de Privacidad; o<\/p>\n<p><\/p>\n<p>(3) para responder a reclamaciones de que su uso del Servicio viola cualquier derecho de terceros. Si el Servicio o nuestra empresa se fusionan o adquieren con otra empresa, su informaci\u00f3n ser\u00e1 uno de los activos que se transfieran al nuevo propietario.<\/p>\n<p><\/p>\n<h2 class=\"wp-block-heading\">Conservaci\u00f3n de su informaci\u00f3n:<\/h2>\n<p><\/p>\n<p>Conservaremos su informaci\u00f3n personal durante 12 meses a partir de la fecha de env\u00edo de la consulta o mientras la necesitemos para cumplir los fines para los que fue recopilada, tal y como se detalla en esta Pol\u00edtica de privacidad. Es posible que necesitemos conservar determinada informaci\u00f3n durante per\u00edodos m\u00e1s largos, como el mantenimiento de registros o la elaboraci\u00f3n de informes de conformidad con la legislaci\u00f3n aplicable, o por otros motivos leg\u00edtimos, como el ejercicio de derechos legales, la prevenci\u00f3n del fraude, etc. La informaci\u00f3n an\u00f3nima residual y la informaci\u00f3n agregada, ninguna de las cuales le identifica (directa o indirectamente), pueden almacenarse indefinidamente.<\/p>\n<p><\/p>\n<h2 class=\"wp-block-heading\">Sus derechos:<\/h2>\n<p><\/p>\n<p>En funci\u00f3n de la legislaci\u00f3n aplicable, usted puede tener derecho a acceder a sus datos personales y rectificarlos o borrarlos o recibir una copia de los mismos, limitar el tratamiento activo de sus datos u oponerse a \u00e9l, solicitarnos que compartamos (portemos) su informaci\u00f3n personal a otra entidad, retirar cualquier consentimiento que nos haya dado para el tratamiento de sus datos, derecho a presentar una reclamaci\u00f3n ante una autoridad legal y otros derechos que puedan corresponderle en virtud de la legislaci\u00f3n aplicable. Para ejercer estos derechos, puede escribirnos a ls13760600991@gmail.com. Responderemos a su solicitud de conformidad con la legislaci\u00f3n aplicable.<\/p>\n<p><\/p>\n<p>Tenga en cuenta que si no nos permite recopilar o procesar la informaci\u00f3n personal requerida o retira el consentimiento para procesar la misma para los fines requeridos, es posible que no pueda acceder o utilizar los servicios para los que se solicit\u00f3 su informaci\u00f3n.<\/p>\n<p><\/p>\n<h2 class=\"wp-block-heading\">Galletas:<\/h2>\n<p><\/p>\n<p>Para obtener m\u00e1s informaci\u00f3n sobre c\u00f3mo las utilizamos y sus opciones en relaci\u00f3n con estas tecnolog\u00edas de rastreo, consulte nuestro&nbsp;<a href=\"\/es\/politica-de-cookies\/\">Pol\u00edtica de cookies.<\/a><\/p>\n<p><\/p>\n<h2 class=\"wp-block-heading\">Seguridad:<\/h2>\n<p><\/p>\n<p>La seguridad de su informaci\u00f3n es importante para nosotros y utilizaremos medidas de seguridad razonables para evitar la p\u00e9rdida, el uso indebido o la alteraci\u00f3n no autorizada de su informaci\u00f3n bajo nuestro control. Sin embargo, dados los riesgos inherentes, no podemos garantizar una seguridad absoluta y, en consecuencia, no podemos asegurar o garantizar la seguridad de cualquier informaci\u00f3n que nos transmita y usted lo hace bajo su propio riesgo.<\/p>\n<p><\/p>\n<h2 class=\"wp-block-heading\">Responsable de quejas y protecci\u00f3n de datos:<\/h2>\n<p><\/p>\n<p>Si tiene alguna pregunta o duda sobre el tratamiento de la informaci\u00f3n de que disponemos, puede enviar un correo electr\u00f3nico a nuestro responsable de quejas a DaChao, No. 26 Jianzhong Road, Tianhe District, Guangzhou, China, correo electr\u00f3nico: ls13760600991@gmail.com. Atenderemos sus inquietudes de conformidad con la legislaci\u00f3n aplicable.<\/p>\n<p><\/p>\n<p><\/p>\t\t\t\t\t\t\t\t<\/div>\n\t\t\t\t\t<\/div>\n\t\t\t\t<\/div>\n\t\t\t\t<\/div>","protected":false},"excerpt":{"rendered":"<p>Privacy Policy Last Updated On 09-Jan-2026 Effective Date 09-Jan-2026 This Privacy Policy describes the policies of DaChao, No. 26 Jianzhong Road, Tianhe District, Guangzhou, China, email: dachaomedical606@gmail.com, phone: +8613760600991 on the collection, use and disclosure of your information that we collect when you use our website ( https:\/\/dachaomedical.com\/ ). (the \u201cService\u201d). By accessing or using [&hellip;]<\/p>","protected":false},"author":4,"featured_media":0,"parent":0,"menu_order":9,"comment_status":"closed","ping_status":"closed","template":"elementor_canvas","meta":{"footnotes":""},"class_list":["post-3","page","type-page","status-publish","hentry"],"_links":{"self":[{"href":"https:\/\/dachaomedical.com\/es\/wp-json\/wp\/v2\/pages\/3","targetHints":{"allow":["GET"]}}],"collection":[{"href":"https:\/\/dachaomedical.com\/es\/wp-json\/wp\/v2\/pages"}],"about":[{"href":"https:\/\/dachaomedical.com\/es\/wp-json\/wp\/v2\/types\/page"}],"author":[{"embeddable":true,"href":"https:\/\/dachaomedical.com\/es\/wp-json\/wp\/v2\/users\/4"}],"replies":[{"embeddable":true,"href":"https:\/\/dachaomedical.com\/es\/wp-json\/wp\/v2\/comments?post=3"}],"version-history":[{"count":9,"href":"https:\/\/dachaomedical.com\/es\/wp-json\/wp\/v2\/pages\/3\/revisions"}],"predecessor-version":[{"id":1475,"href":"https:\/\/dachaomedical.com\/es\/wp-json\/wp\/v2\/pages\/3\/revisions\/1475"}],"wp:attachment":[{"href":"https:\/\/dachaomedical.com\/es\/wp-json\/wp\/v2\/media?parent=3"}],"curies":[{"name":"wp","href":"https:\/\/api.w.org\/{rel}","templated":true}]}}