{"id":1239,"date":"2026-01-09T16:23:31","date_gmt":"2026-01-09T08:23:31","guid":{"rendered":"https:\/\/dachaomedical.com\/?page_id=1239"},"modified":"2026-01-12T11:07:09","modified_gmt":"2026-01-12T03:07:09","slug":"politique-en-matiere-de-cookies","status":"publish","type":"page","link":"https:\/\/dachaomedical.com\/fr\/politique-en-matiere-de-cookies\/","title":{"rendered":"Politique en mati\u00e8re de cookies"},"content":{"rendered":"<div data-elementor-type=\"wp-page\" data-elementor-id=\"1239\" class=\"elementor elementor-1239\" data-elementor-post-type=\"page\">\n\t\t\t\t<div class=\"elementor-element elementor-element-6a7078c9 e-flex e-con-boxed e-con e-parent\" data-id=\"6a7078c9\" data-element_type=\"container\">\n\t\t\t\t\t<div class=\"e-con-inner\">\n\t\t\t\t<div class=\"elementor-element elementor-element-3df0b06 abby-cus1 elementor-widget elementor-widget-text-editor\" data-id=\"3df0b06\" data-element_type=\"widget\" data-widget_type=\"text-editor.default\">\n\t\t\t\t\t\t\t\t\t\n<div class=\"wp-block-group is-layout-constrained wp-block-group-is-layout-constrained\">\n<h1 class=\"wp-block-heading\">Politique en mati\u00e8re de cookies<\/h1>\n\n<p>Nous utilisons des cookies pour vous aider \u00e0 naviguer efficacement et \u00e0 ex\u00e9cuter certaines fonctions. Vous trouverez ci-dessous des informations d\u00e9taill\u00e9es sur tous les cookies dans chaque cat\u00e9gorie de consentement.<\/p>\n\n<p>Les cookies class\u00e9s dans la cat\u00e9gorie \u201cN\u00e9cessaire\u201d sont stock\u00e9s sur votre navigateur car ils sont essentiels pour permettre les fonctionnalit\u00e9s de base du site.<\/p>\n\n<p>Nous utilisons \u00e9galement des cookies de tiers qui nous aident \u00e0 analyser la mani\u00e8re dont vous utilisez ce site web, \u00e0 enregistrer vos pr\u00e9f\u00e9rences et \u00e0 vous fournir le contenu et les publicit\u00e9s qui vous conviennent. Ces cookies ne seront stock\u00e9s dans votre navigateur qu'avec votre consentement pr\u00e9alable.<\/p>\n\n<p>Vous pouvez choisir d'activer ou de d\u00e9sactiver tout ou partie de ces cookies, mais la d\u00e9sactivation de certains d'entre eux peut affecter votre exp\u00e9rience de navigation.<\/p>\n\n<h2 class=\"wp-block-heading\">N\u00e9cessaire<\/h2>\n\n<p>Les cookies n\u00e9cessaires permettent d'activer les fonctions de base de ce site, telles que la connexion s\u00e9curis\u00e9e ou l'ajustement de vos pr\u00e9f\u00e9rences en mati\u00e8re de consentement. Ces cookies ne stockent aucune donn\u00e9e personnelle identifiable.<\/p>\n\n<figure class=\"wp-block-table\">\n<table>\n<thead>\n<tr>\n<th class=\"has-text-align-left\" data-align=\"left\">Cookie<\/th>\n<th class=\"has-text-align-left\" data-align=\"left\">La dur\u00e9e<\/th>\n<th class=\"has-text-align-left\" data-align=\"left\">Description<\/th>\n<\/tr>\n<\/thead>\n<tbody>\n<tr>\n<td class=\"has-text-align-left\" data-align=\"left\">cookieyes-consent<\/td>\n<td class=\"has-text-align-left\" data-align=\"left\">1 an<\/td>\n<td class=\"has-text-align-left\" data-align=\"left\">CookieYes installe ce cookie pour m\u00e9moriser les pr\u00e9f\u00e9rences des utilisateurs en mati\u00e8re de consentement, de sorte que ces pr\u00e9f\u00e9rences soient respect\u00e9es lors des visites ult\u00e9rieures sur ce site. Il ne recueille ni ne stocke aucune information personnelle sur les visiteurs du site.<\/td>\n<\/tr>\n<\/tbody>\n<\/table>\n<\/figure>\n\n<h2 class=\"wp-block-heading\">Analyse<\/h2>\n\n<p>Les cookies analytiques sont utilis\u00e9s pour comprendre comment les visiteurs interagissent avec le site web. Ces cookies fournissent des informations sur des param\u00e8tres tels que le nombre de visiteurs, le taux de rebond, la source du trafic, etc.<\/p>\n\n<figure class=\"wp-block-table\">\n<table>\n<thead>\n<tr>\n<th class=\"has-text-align-left\" data-align=\"left\">Cookie<\/th>\n<th class=\"has-text-align-left\" data-align=\"left\">La dur\u00e9e<\/th>\n<th class=\"has-text-align-left\" data-align=\"left\">Description<\/th>\n<\/tr>\n<\/thead>\n<tbody>\n<tr>\n<td class=\"has-text-align-left\" data-align=\"left\">La loi sur l'immigration et la protection des r\u00e9fugi\u00e9s (LIPR)<\/td>\n<td class=\"has-text-align-left\" data-align=\"left\">1 an 1 mois 4 jours<\/td>\n<td class=\"has-text-align-left\" data-align=\"left\">Google Analytics utilise ce cookie pour stocker et compter les pages vues.<\/td>\n<\/tr>\n<tr>\n<td class=\"has-text-align-left\" data-align=\"left\">_ga<\/td>\n<td class=\"has-text-align-left\" data-align=\"left\">1 an 1 mois 4 jours<\/td>\n<td class=\"has-text-align-left\" data-align=\"left\">Google Analytics utilise ce cookie pour calculer les donn\u00e9es relatives aux visiteurs, aux sessions et aux campagnes et pour suivre l'utilisation du site dans le cadre du rapport d'analyse du site. Le cookie stocke les informations de mani\u00e8re anonyme et attribue un num\u00e9ro g\u00e9n\u00e9r\u00e9 de mani\u00e8re al\u00e9atoire pour reconna\u00eetre les visiteurs uniques.<\/td>\n<\/tr>\n<\/tbody>\n<\/table>\n<\/figure>\n<\/div>\n\t\t\t\t\t\t\t\t<\/div>\n\t\t\t\t\t<\/div>\n\t\t\t\t<\/div>\n\t\t\t\t<\/div>","protected":false},"excerpt":{"rendered":"<p>Cookie Policy We use cookies to help you navigate efficiently and perform certain functions. You will find detailed information about all cookies under each consent category below. The cookies that are categorised as &#8220;Necessary&#8221; are stored on your browser as they are essential for enabling the basic functionalities of the site. We also use third-party [&hellip;]<\/p>","protected":false},"author":4,"featured_media":0,"parent":0,"menu_order":10,"comment_status":"closed","ping_status":"closed","template":"elementor_canvas","meta":{"footnotes":""},"class_list":["post-1239","page","type-page","status-publish","hentry"],"_links":{"self":[{"href":"https:\/\/dachaomedical.com\/fr\/wp-json\/wp\/v2\/pages\/1239","targetHints":{"allow":["GET"]}}],"collection":[{"href":"https:\/\/dachaomedical.com\/fr\/wp-json\/wp\/v2\/pages"}],"about":[{"href":"https:\/\/dachaomedical.com\/fr\/wp-json\/wp\/v2\/types\/page"}],"author":[{"embeddable":true,"href":"https:\/\/dachaomedical.com\/fr\/wp-json\/wp\/v2\/users\/4"}],"replies":[{"embeddable":true,"href":"https:\/\/dachaomedical.com\/fr\/wp-json\/wp\/v2\/comments?post=1239"}],"version-history":[{"count":0,"href":"https:\/\/dachaomedical.com\/fr\/wp-json\/wp\/v2\/pages\/1239\/revisions"}],"wp:attachment":[{"href":"https:\/\/dachaomedical.com\/fr\/wp-json\/wp\/v2\/media?parent=1239"}],"curies":[{"name":"wp","href":"https:\/\/api.w.org\/{rel}","templated":true}]}}