{"id":3,"date":"2026-01-09T03:05:47","date_gmt":"2026-01-08T19:05:47","guid":{"rendered":"http:\/\/dachaomedical.com\/?page_id=3"},"modified":"2026-03-08T12:40:41","modified_gmt":"2026-03-08T04:40:41","slug":"politique-de-confidentialite","status":"publish","type":"page","link":"https:\/\/dachaomedical.com\/fr\/politique-de-confidentialite\/","title":{"rendered":"Politique de confidentialit\u00e9"},"content":{"rendered":"<div data-elementor-type=\"wp-page\" data-elementor-id=\"3\" class=\"elementor elementor-3\" data-elementor-post-type=\"page\">\n\t\t\t\t<div class=\"elementor-element elementor-element-24a0be4c e-flex e-con-boxed e-con e-parent\" data-id=\"24a0be4c\" data-element_type=\"container\">\n\t\t\t\t\t<div class=\"e-con-inner\">\n\t\t\t\t<div class=\"elementor-element elementor-element-7c458fd1 abby-cus1 elementor-widget elementor-widget-text-editor\" data-id=\"7c458fd1\" data-element_type=\"widget\" data-widget_type=\"text-editor.default\">\n\t\t\t\t\t\t\t\t\t<p><\/p>\n<h1>Politique de confidentialit\u00e9<\/h1>\n<p><strong>Derni\u00e8re mise \u00e0 jour le 09-Jan-2026<\/strong><\/p>\n<p><\/p>\n<p><strong>Date d'entr\u00e9e en vigueur 09-Jan-2026<\/strong><\/p>\n<p><\/p>\n<p>La pr\u00e9sente politique de confidentialit\u00e9 d\u00e9crit les politiques de DaChao, No. 26 Jianzhong Road, Tianhe District, Guangzhou, China, email : dachaomedical606@gmail.com, phone : +8613760600991 sur la collecte, l'utilisation et la divulgation des informations que nous recueillons lorsque vous utilisez notre site web ( https:\/\/dachaomedical.com\/ ). (le \u201cService\u201d). En acc\u00e9dant au service ou en l'utilisant, vous consentez \u00e0 la collecte, \u00e0 l'utilisation et \u00e0 la divulgation de vos informations conform\u00e9ment \u00e0 la pr\u00e9sente politique de confidentialit\u00e9. Si vous n'y consentez pas, veuillez ne pas acc\u00e9der au service ni l'utiliser.<\/p>\n<p><\/p>\n<p>Nous pouvons modifier la pr\u00e9sente politique de confidentialit\u00e9 \u00e0 tout moment sans vous en informer au pr\u00e9alable et nous publierons la politique de confidentialit\u00e9 r\u00e9vis\u00e9e sur le service. La politique r\u00e9vis\u00e9e entrera en vigueur 180 jours apr\u00e8s la publication de la politique r\u00e9vis\u00e9e dans le service et votre acc\u00e8s ou utilisation continue du service apr\u00e8s cette date constituera votre acceptation de la politique r\u00e9vis\u00e9e de protection de la vie priv\u00e9e. Nous vous recommandons donc de consulter r\u00e9guli\u00e8rement cette page.<\/p>\n<p><\/p>\n<h2 class=\"wp-block-heading\">Les informations que nous recueillons :<\/h2>\n<p><\/p>\n<p>Nous collecterons et traiterons les informations personnelles suivantes vous concernant :<\/p>\n<p><\/p>\n<ul class=\"wp-block-list\"><p><\/p>\n<li>Nom<\/li>\n<p><\/p>\n<li>Courriel<\/li>\n<p><\/p>\n<li>Mobile<\/li>\n<p><\/p>\n<\/ul>\n<p><\/p>\n<h2 class=\"wp-block-heading\">Comment nous utilisons vos informations :<\/h2>\n<p><\/p>\n<p>Nous utiliserons les informations que nous recueillons \u00e0 votre sujet aux fins suivantes :<\/p>\n<p><\/p>\n<ul class=\"wp-block-list\"><p><\/p>\n<li>Assistance<\/li>\n<p><\/p>\n<\/ul>\n<p><\/p>\n<p>Si nous voulons utiliser vos informations \u00e0 d'autres fins, nous vous demanderons votre consentement et nous n'utiliserons vos informations qu'apr\u00e8s avoir re\u00e7u votre consentement et, dans ce cas, uniquement aux fins pour lesquelles vous avez donn\u00e9 votre consentement, \u00e0 moins que la loi ne nous oblige \u00e0 faire autrement.<\/p>\n<p><\/p>\n<h2 class=\"wp-block-heading\">Comment nous partageons vos informations :<\/h2>\n<p><\/p>\n<p>Nous ne transf\u00e9rerons pas vos informations personnelles \u00e0 un tiers sans votre consentement, sauf dans les circonstances limit\u00e9es d\u00e9crites ci-dessous :<\/p>\n<p><\/p>\n<ul class=\"wp-block-list\"><p><\/p>\n<li>Service de publicit\u00e9<\/li>\n<p><\/p>\n<li>Analyse<\/li>\n<p><\/p>\n<\/ul>\n<p><\/p>\n<p>Nous exigeons de ces tiers qu'ils n'utilisent les informations personnelles que nous leur transf\u00e9rons qu'aux fins pour lesquelles elles ont \u00e9t\u00e9 transf\u00e9r\u00e9es et qu'ils ne les conservent pas plus longtemps qu'il n'est n\u00e9cessaire pour atteindre lesdites fins.<\/p>\n<p><\/p>\n<p>Nous pouvons \u00e9galement divulguer vos informations personnelles pour les raisons suivantes :<\/p>\n<p><\/p>\n<p>(1) se conformer \u00e0 la l\u00e9gislation, \u00e0 la r\u00e9glementation, \u00e0 l'ordonnance d'un tribunal ou \u00e0 toute autre proc\u00e9dure judiciaire applicable ;<\/p>\n<p><\/p>\n<p>(2) pour faire appliquer les accords que vous avez conclus avec nous, y compris la pr\u00e9sente politique de protection de la vie priv\u00e9e ; ou<\/p>\n<p><\/p>\n<p>(3) r\u00e9pondre aux r\u00e9clamations selon lesquelles votre utilisation du service viole les droits d'un tiers. Si le service ou notre soci\u00e9t\u00e9 est fusionn\u00e9 ou acquis par une autre soci\u00e9t\u00e9, vos informations seront l'un des actifs transf\u00e9r\u00e9s au nouveau propri\u00e9taire.<\/p>\n<p><\/p>\n<h2 class=\"wp-block-heading\">Conservation de vos informations :<\/h2>\n<p><\/p>\n<p>Nous conserverons vos informations personnelles pendant 12 mois \u00e0 compter de la date de soumission de la demande ou aussi longtemps que nous en aurons besoin pour atteindre les objectifs pour lesquels elles ont \u00e9t\u00e9 collect\u00e9es, tels qu'ils sont d\u00e9taill\u00e9s dans la pr\u00e9sente politique de confidentialit\u00e9. Il se peut que nous devions conserver certaines informations pour des p\u00e9riodes plus longues, par exemple pour la tenue de registres ou l'\u00e9tablissement de rapports conform\u00e9ment \u00e0 la l\u00e9gislation applicable ou pour d'autres raisons l\u00e9gitimes telles que l'application de droits l\u00e9gaux, la pr\u00e9vention de la fraude, etc. Les informations anonymes r\u00e9siduelles et les informations agr\u00e9g\u00e9es, qui ne permettent pas de vous identifier (directement ou indirectement), peuvent \u00eatre stock\u00e9es ind\u00e9finiment.<\/p>\n<p><\/p>\n<h2 class=\"wp-block-heading\">Vos droits :<\/h2>\n<p><\/p>\n<p>En fonction de la l\u00e9gislation applicable, vous pouvez avoir un droit d'acc\u00e8s et de rectification ou d'effacement de vos donn\u00e9es \u00e0 caract\u00e8re personnel ou recevoir une copie de vos donn\u00e9es \u00e0 caract\u00e8re personnel, restreindre le traitement actif de vos donn\u00e9es ou vous y opposer, nous demander de partager (portage) vos donn\u00e9es \u00e0 caract\u00e8re personnel avec une autre entit\u00e9, retirer tout consentement que vous nous avez donn\u00e9 pour traiter vos donn\u00e9es, un droit de d\u00e9poser une plainte aupr\u00e8s d'une autorit\u00e9 statutaire et tout autre droit pertinent en vertu de la l\u00e9gislation applicable. Pour exercer ces droits, vous pouvez nous \u00e9crire \u00e0 ls13760600991@gmail.com. Nous r\u00e9pondrons \u00e0 votre demande conform\u00e9ment \u00e0 la l\u00e9gislation applicable.<\/p>\n<p><\/p>\n<p>Veuillez noter que si vous ne nous autorisez pas \u00e0 collecter ou \u00e0 traiter les informations personnelles requises ou si vous retirez votre consentement au traitement de ces informations aux fins requises, il se peut que vous ne puissiez pas acc\u00e9der aux services pour lesquels vos informations ont \u00e9t\u00e9 demand\u00e9es, ni les utiliser.<\/p>\n<p><\/p>\n<h2 class=\"wp-block-heading\">Cookies :<\/h2>\n<p><\/p>\n<p>Pour en savoir plus sur la mani\u00e8re dont nous utilisons ces technologies et sur les choix qui s'offrent \u00e0 vous en ce qui concerne ces technologies de suivi, veuillez vous r\u00e9f\u00e9rer \u00e0 notre site web.&nbsp;<a href=\"\/fr\/politique-en-matiere-de-cookies\/\">Politique en mati\u00e8re de cookies.<\/a><\/p>\n<p><\/p>\n<h2 class=\"wp-block-heading\">La s\u00e9curit\u00e9 :<\/h2>\n<p><\/p>\n<p>La s\u00e9curit\u00e9 de vos informations est importante pour nous et nous utiliserons des mesures de s\u00e9curit\u00e9 raisonnables pour emp\u00eacher la perte, l'utilisation abusive ou la modification non autoris\u00e9e de vos informations sous notre contr\u00f4le. Toutefois, compte tenu des risques inh\u00e9rents, nous ne pouvons pas garantir une s\u00e9curit\u00e9 absolue et, par cons\u00e9quent, nous ne pouvons pas assurer ou garantir la s\u00e9curit\u00e9 des informations que vous nous transmettez et vous le faites \u00e0 vos propres risques.<\/p>\n<p><\/p>\n<h2 class=\"wp-block-heading\">D\u00e9l\u00e9gu\u00e9 aux plaintes et \u00e0 la protection des donn\u00e9es :<\/h2>\n<p><\/p>\n<p>Si vous avez des questions ou des pr\u00e9occupations concernant le traitement de vos informations disponibles chez nous, vous pouvez envoyer un courriel \u00e0 notre responsable des griefs \u00e0 l'adresse DaChao, No. 26 Jianzhong Road, Tianhe District, Guangzhou, Chine, courriel : ls13760600991@gmail.com. Nous r\u00e9pondrons \u00e0 vos pr\u00e9occupations conform\u00e9ment \u00e0 la l\u00e9gislation applicable.<\/p>\n<p><\/p>\n<p><\/p>\t\t\t\t\t\t\t\t<\/div>\n\t\t\t\t\t<\/div>\n\t\t\t\t<\/div>\n\t\t\t\t<\/div>","protected":false},"excerpt":{"rendered":"<p>Privacy Policy Last Updated On 09-Jan-2026 Effective Date 09-Jan-2026 This Privacy Policy describes the policies of DaChao, No. 26 Jianzhong Road, Tianhe District, Guangzhou, China, email: dachaomedical606@gmail.com, phone: +8613760600991 on the collection, use and disclosure of your information that we collect when you use our website ( https:\/\/dachaomedical.com\/ ). (the \u201cService\u201d). By accessing or using [&hellip;]<\/p>","protected":false},"author":4,"featured_media":0,"parent":0,"menu_order":9,"comment_status":"closed","ping_status":"closed","template":"elementor_canvas","meta":{"footnotes":""},"class_list":["post-3","page","type-page","status-publish","hentry"],"_links":{"self":[{"href":"https:\/\/dachaomedical.com\/fr\/wp-json\/wp\/v2\/pages\/3","targetHints":{"allow":["GET"]}}],"collection":[{"href":"https:\/\/dachaomedical.com\/fr\/wp-json\/wp\/v2\/pages"}],"about":[{"href":"https:\/\/dachaomedical.com\/fr\/wp-json\/wp\/v2\/types\/page"}],"author":[{"embeddable":true,"href":"https:\/\/dachaomedical.com\/fr\/wp-json\/wp\/v2\/users\/4"}],"replies":[{"embeddable":true,"href":"https:\/\/dachaomedical.com\/fr\/wp-json\/wp\/v2\/comments?post=3"}],"version-history":[{"count":9,"href":"https:\/\/dachaomedical.com\/fr\/wp-json\/wp\/v2\/pages\/3\/revisions"}],"predecessor-version":[{"id":1475,"href":"https:\/\/dachaomedical.com\/fr\/wp-json\/wp\/v2\/pages\/3\/revisions\/1475"}],"wp:attachment":[{"href":"https:\/\/dachaomedical.com\/fr\/wp-json\/wp\/v2\/media?parent=3"}],"curies":[{"name":"wp","href":"https:\/\/api.w.org\/{rel}","templated":true}]}}