{"id":49,"date":"2025-12-09T12:15:40","date_gmt":"2025-12-09T04:15:40","guid":{"rendered":"https:\/\/dachaomedical.com\/?page_id=49"},"modified":"2025-12-23T11:43:10","modified_gmt":"2025-12-23T03:43:10","slug":"a-propos-de","status":"publish","type":"page","link":"https:\/\/dachaomedical.com\/fr\/a-propos-de\/","title":{"rendered":"\u00c0 propos"},"content":{"rendered":"<div data-elementor-type=\"wp-page\" data-elementor-id=\"49\" class=\"elementor elementor-49\" data-elementor-post-type=\"page\">\n\t\t\t\t<div class=\"elementor-element elementor-element-41de643 e-flex e-con-boxed e-con e-parent\" data-id=\"41de643\" data-element_type=\"container\" data-settings=\"{&quot;background_background&quot;:&quot;classic&quot;}\">\n\t\t\t\t\t<div class=\"e-con-inner\">\n\t\t<div class=\"elementor-element elementor-element-466696af e-con-full e-flex e-con e-child\" data-id=\"466696af\" data-element_type=\"container\" data-settings=\"{&quot;background_background&quot;:&quot;classic&quot;}\">\n\t\t\t\t<div class=\"elementor-element elementor-element-40aa1fe2 elementor-widget elementor-widget-heading\" data-id=\"40aa1fe2\" data-element_type=\"widget\" data-widget_type=\"heading.default\">\n\t\t\t\t\t<h1 class=\"elementor-heading-title elementor-size-default\">\u00c0 propos de nous<\/h1>\t\t\t\t<\/div>\n\t\t\t\t<div class=\"elementor-element elementor-element-d9495c elementor-widget__width-initial elementor-widget elementor-widget-text-editor\" data-id=\"d9495c\" data-element_type=\"widget\" data-widget_type=\"text-editor.default\">\n\t\t\t\t\t\t\t\t\t<p>Notre groupe compte plus d'une centaine d'employ\u00e9s. Nos succursales sont situ\u00e9es dans diff\u00e9rentes villes de la r\u00e9gion de la Grande Baie de Guangdong, en Chine. Elles fabriquent diff\u00e9rents types de produits et les vendent dans diff\u00e9rents pays. Nous d\u00e9tenons plusieurs certificats m\u00e9dicaux reconnus \u00e0 l'\u00e9chelle internationale et nous sommes impatients de cr\u00e9er un environnement m\u00e9dical agr\u00e9able et propre pour votre pays.<\/p>\t\t\t\t\t\t\t\t<\/div>\n\t\t\t\t<\/div>\n\t\t\t\t\t<\/div>\n\t\t\t\t<\/div>\n\t\t<div class=\"elementor-element elementor-element-25c6b025 e-flex e-con-boxed e-con e-parent\" data-id=\"25c6b025\" data-element_type=\"container\" data-settings=\"{&quot;background_background&quot;:&quot;classic&quot;}\">\n\t\t\t\t\t<div class=\"e-con-inner\">\n\t\t<div class=\"elementor-element elementor-element-a5831d5 e-con-full e-flex e-con e-child\" data-id=\"a5831d5\" data-element_type=\"container\">\n\t\t\t\t<div class=\"elementor-element elementor-element-7a5e905 elementor-icon-list--layout-inline elementor-list-item-link-full_width elementor-widget elementor-widget-icon-list\" data-id=\"7a5e905\" data-element_type=\"widget\" data-widget_type=\"icon-list.default\">\n\t\t\t\t\t\t\t<ul class=\"elementor-icon-list-items elementor-inline-items\">\n\t\t\t\t\t\t\t<li class=\"elementor-icon-list-item elementor-inline-item\">\n\t\t\t\t\t\t\t\t\t\t\t<a href=\"#\">\n\n\t\t\t\t\t\t\t\t\t\t\t<span class=\"elementor-icon-list-text\">Accueil<\/span>\n\t\t\t\t\t\t\t\t\t\t\t<\/a>\n\t\t\t\t\t\t\t\t\t<\/li>\n\t\t\t\t\t\t\t\t<li class=\"elementor-icon-list-item elementor-inline-item\">\n\t\t\t\t\t\t\t\t\t\t\t<a href=\"#\">\n\n\t\t\t\t\t\t\t\t\t\t\t\t<span class=\"elementor-icon-list-icon\">\n\t\t\t\t\t\t\t<i aria-hidden=\"true\" class=\"icon icon-chevron-right\"><\/i>\t\t\t\t\t\t<\/span>\n\t\t\t\t\t\t\t\t\t\t<span class=\"elementor-icon-list-text\">\u00c0 propos de nous<\/span>\n\t\t\t\t\t\t\t\t\t\t\t<\/a>\n\t\t\t\t\t\t\t\t\t<\/li>\n\t\t\t\t\t\t<\/ul>\n\t\t\t\t\t\t<\/div>\n\t\t\t\t<\/div>\n\t\t\t\t\t<\/div>\n\t\t\t\t<\/div>\n\t\t<div class=\"elementor-element elementor-element-8e6091 e-flex e-con-boxed e-con e-parent\" data-id=\"8e6091\" data-element_type=\"container\">\n\t\t\t\t\t<div class=\"e-con-inner\">\n\t\t\t\t<div class=\"elementor-element elementor-element-4666594e elementor-widget__width-initial elementor-widget-mobile__width-inherit elementor-widget elementor-widget-image\" data-id=\"4666594e\" data-element_type=\"widget\" data-widget_type=\"image.default\">\n\t\t\t\t\t\t\t\t\t\t\t\t\t\t\t<img fetchpriority=\"high\" decoding=\"async\" width=\"1279\" height=\"2276\" src=\"https:\/\/dachaomedical.com\/wp-content\/uploads\/76fb47ae117460b3129aede1fc330ba7.jpg\" class=\"attachment-full size-full wp-image-793\" alt=\"\" srcset=\"https:\/\/dachaomedical.com\/wp-content\/uploads\/76fb47ae117460b3129aede1fc330ba7.jpg 1279w, https:\/\/dachaomedical.com\/wp-content\/uploads\/76fb47ae117460b3129aede1fc330ba7-768x1367.jpg 768w, https:\/\/dachaomedical.com\/wp-content\/uploads\/76fb47ae117460b3129aede1fc330ba7-863x1536.jpg 863w, https:\/\/dachaomedical.com\/wp-content\/uploads\/76fb47ae117460b3129aede1fc330ba7-1151x2048.jpg 1151w, https:\/\/dachaomedical.com\/wp-content\/uploads\/76fb47ae117460b3129aede1fc330ba7-7x12.jpg 7w\" sizes=\"(max-width: 1279px) 100vw, 1279px\">\t\t\t\t\t\t\t\t\t\t\t\t\t\t\t<\/div>\n\t\t<div class=\"elementor-element elementor-element-59633c40 e-con-full e-flex e-con e-child\" data-id=\"59633c40\" data-element_type=\"container\">\n\t\t\t\t<div class=\"elementor-element elementor-element-454d0336 elementor-widget elementor-widget-heading\" data-id=\"454d0336\" data-element_type=\"widget\" data-widget_type=\"heading.default\">\n\t\t\t\t\t<h6 class=\"elementor-heading-title elementor-size-default\">\u00c0 propos de nous<\/h6>\t\t\t\t<\/div>\n\t\t\t\t<div class=\"elementor-element elementor-element-40562500 elementor-widget elementor-widget-heading\" data-id=\"40562500\" data-element_type=\"widget\" data-widget_type=\"heading.default\">\n\t\t\t\t\t<h2 class=\"elementor-heading-title elementor-size-default\">D\u00e9di\u00e9 \u00e0 l'espoir, \u00e0 la gu\u00e9rison et au r\u00e9tablissement.<\/h2>\t\t\t\t<\/div>\n\t\t\t\t<div class=\"elementor-element elementor-element-43ee9c19 elementor-widget elementor-widget-text-editor\" data-id=\"43ee9c19\" data-element_type=\"widget\" data-widget_type=\"text-editor.default\">\n\t\t\t\t\t\t\t\t\t<p>Guangzhou DaChao Medical Equipment Manufacturing Co., Ltd. est une entreprise manufacturi\u00e8re sp\u00e9cialis\u00e9e dans le commerce ext\u00e9rieur. Elle produit du mobilier m\u00e9dical sur mesure, des lits m\u00e9dicalis\u00e9s \u00e9lectriques fonctionnels, des fauteuils dentaires \u00e9lectriques, des fauteuils roulants, des masques KN95, des seringues jetables, des uniformes d'infirmi\u00e8res et des \u00e9quipements de st\u00e9rilisation et de d\u00e9sinfection.<\/p>\t\t\t\t\t\t\t\t<\/div>\n\t\t<div class=\"elementor-element elementor-element-161bcc38 e-con-full e-grid e-con e-child\" data-id=\"161bcc38\" data-element_type=\"container\">\n\t\t<div class=\"elementor-element elementor-element-4302bb79 e-con-full e-flex e-con e-child\" data-id=\"4302bb79\" data-element_type=\"container\">\n\t\t\t\t<div class=\"elementor-element elementor-element-621076a elementor-widget elementor-widget-counter\" data-id=\"621076a\" data-element_type=\"widget\" data-widget_type=\"counter.default\">\n\t\t\t\t\t\t\t<div class=\"elementor-counter\">\n\t\t\t<div class=\"elementor-counter-title\">Employ\u00e9s<\/div>\t\t\t<div class=\"elementor-counter-number-wrapper\">\n\t\t\t\t<span class=\"elementor-counter-number-prefix\"><\/span>\n\t\t\t\t<span class=\"elementor-counter-number\" data-duration=\"2000\" data-to-value=\"150\" data-from-value=\"0\" data-delimiter=\",\">0<\/span>\n\t\t\t\t<span class=\"elementor-counter-number-suffix\">+<\/span>\n\t\t\t<\/div>\n\t\t<\/div>\n\t\t\t\t\t\t<\/div>\n\t\t\t\t<div class=\"elementor-element elementor-element-56820d71 elementor-view-default elementor-widget elementor-widget-icon\" data-id=\"56820d71\" data-element_type=\"widget\" data-widget_type=\"icon.default\">\n\t\t\t\t\t\t\t<div class=\"elementor-icon-wrapper\">\n\t\t\t<div class=\"elementor-icon\">\n\t\t\t<i aria-hidden=\"true\" class=\"icon icon-medicine-1\"><\/i>\t\t\t<\/div>\n\t\t<\/div>\n\t\t\t\t\t\t<\/div>\n\t\t\t\t<\/div>\n\t\t<div class=\"elementor-element elementor-element-4505409f e-con-full e-flex e-con e-child\" data-id=\"4505409f\" data-element_type=\"container\">\n\t\t\t\t<div class=\"elementor-element elementor-element-9a97967 elementor-widget elementor-widget-counter\" data-id=\"9a97967\" data-element_type=\"widget\" data-widget_type=\"counter.default\">\n\t\t\t\t\t\t\t<div class=\"elementor-counter\">\n\t\t\t<div class=\"elementor-counter-title\">Ing\u00e9nieurs<\/div>\t\t\t<div class=\"elementor-counter-number-wrapper\">\n\t\t\t\t<span class=\"elementor-counter-number-prefix\"><\/span>\n\t\t\t\t<span class=\"elementor-counter-number\" data-duration=\"2000\" data-to-value=\"50\" data-from-value=\"0\" data-delimiter=\",\">0<\/span>\n\t\t\t\t<span class=\"elementor-counter-number-suffix\">+<\/span>\n\t\t\t<\/div>\n\t\t<\/div>\n\t\t\t\t\t\t<\/div>\n\t\t\t\t<div class=\"elementor-element elementor-element-56b3df28 elementor-view-default elementor-widget elementor-widget-icon\" data-id=\"56b3df28\" data-element_type=\"widget\" data-widget_type=\"icon.default\">\n\t\t\t\t\t\t\t<div class=\"elementor-icon-wrapper\">\n\t\t\t<div class=\"elementor-icon\">\n\t\t\t<i aria-hidden=\"true\" class=\"icon icon-doctor\"><\/i>\t\t\t<\/div>\n\t\t<\/div>\n\t\t\t\t\t\t<\/div>\n\t\t\t\t<\/div>\n\t\t\t\t<\/div>\n\t\t\t\t<\/div>\n\t\t\t\t\t<\/div>\n\t\t\t\t<\/div>\n\t\t<div class=\"elementor-element elementor-element-14ff70f0 e-flex e-con-boxed e-con e-parent\" data-id=\"14ff70f0\" data-element_type=\"container\" data-settings=\"{&quot;background_background&quot;:&quot;classic&quot;}\">\n\t\t\t\t\t<div class=\"e-con-inner\">\n\t\t<div class=\"elementor-element elementor-element-536e01cb e-con-full e-flex e-con e-child\" data-id=\"536e01cb\" data-element_type=\"container\" data-settings=\"{&quot;background_background&quot;:&quot;classic&quot;}\">\n\t\t\t\t<div class=\"elementor-element elementor-element-1c98d45b elementor-widget elementor-widget-heading\" data-id=\"1c98d45b\" data-element_type=\"widget\" data-widget_type=\"heading.default\">\n\t\t\t\t\t<h4 class=\"elementor-heading-title elementor-size-default\">Notre histoire<\/h4>\t\t\t\t<\/div>\n\t\t\t\t<div class=\"elementor-element elementor-element-6727fdf7 elementor-widget elementor-widget-heading\" data-id=\"6727fdf7\" data-element_type=\"widget\" data-widget_type=\"heading.default\">\n\t\t\t\t\t<h2 class=\"elementor-heading-title elementor-size-default\">S'am\u00e9liorer progressivement pour un monde meilleur.<\/h2>\t\t\t\t<\/div>\n\t\t\t\t<div class=\"elementor-element elementor-element-6bd1487c elementor-widget elementor-widget-text-editor\" data-id=\"6bd1487c\" data-element_type=\"widget\" data-widget_type=\"text-editor.default\">\n\t\t\t\t\t\t\t\t\t<p>Notre groupe est une soci\u00e9t\u00e9 par actions priv\u00e9e cr\u00e9\u00e9e en 2006. Notre objectif est de devenir une entreprise professionnelle de fabrication d'\u00e9quipements m\u00e9dicaux. Nos produits sont solidement implant\u00e9s en Am\u00e9rique du Sud, en Afrique, en Russie et au Moyen-Orient depuis de nombreuses ann\u00e9es.<\/p>\t\t\t\t\t\t\t\t<\/div>\n\t\t\t\t<\/div>\n\t\t<div class=\"elementor-element elementor-element-280fe2b4 e-con-full e-flex e-con e-child\" data-id=\"280fe2b4\" data-element_type=\"container\">\n\t\t\t\t<div class=\"elementor-element elementor-element-6c8d882b elementor-blockquote--skin-quotation elementor-blockquote--align-center elementor-widget elementor-widget-blockquote\" data-id=\"6c8d882b\" data-element_type=\"widget\" data-widget_type=\"blockquote.default\">\n\t\t\t\t\t\t\t<blockquote class=\"elementor-blockquote\">\n\t\t\t<p class=\"elementor-blockquote__content\">\n\t\t\t\t\u201c C'est la sant\u00e9 qui est la v\u00e9ritable richesse, et non les pi\u00e8ces d'or et d'argent. \u201d\t\t\t<\/p>\n\t\t\t\t\t\t\t<div class=\"e-q-footer\">\n\t\t\t\t\t\t\t\t\t\t\t<cite class=\"elementor-blockquote__author\">\u2013 Mahatma Gandhi<\/cite>\n\t\t\t\t\t\t\t\t\t\t\t\t\t\t<\/div>\n\t\t\t\t\t<\/blockquote>\n\t\t\t\t\t\t<\/div>\n\t\t\t\t<\/div>\n\t\t\t\t\t<\/div>\n\t\t\t\t<\/div>\n\t\t<div class=\"elementor-element elementor-element-6bc1c4e6 e-flex e-con-boxed e-con e-parent\" data-id=\"6bc1c4e6\" data-element_type=\"container\">\n\t\t\t\t\t<div class=\"e-con-inner\">\n\t\t<div class=\"elementor-element elementor-element-48ea2ade e-flex e-con-boxed e-con e-child\" data-id=\"48ea2ade\" data-element_type=\"container\">\n\t\t\t\t\t<div class=\"e-con-inner\">\n\t\t\t\t<div class=\"elementor-element elementor-element-7809fa9f elementor-widget elementor-widget-heading\" data-id=\"7809fa9f\" data-element_type=\"widget\" data-widget_type=\"heading.default\">\n\t\t\t\t\t<h2 class=\"elementor-heading-title elementor-size-default\">Certificats<\/h2>\t\t\t\t<\/div>\n\t\t\t\t<div class=\"elementor-element elementor-element-c8e2e27 elementor-widget elementor-widget-gallery\" data-id=\"c8e2e27\" data-element_type=\"widget\" data-settings=\"{&quot;gallery_layout&quot;:&quot;justified&quot;,&quot;ideal_row_height&quot;:{&quot;unit&quot;:&quot;px&quot;,&quot;size&quot;:300,&quot;sizes&quot;:[]},&quot;lazyload&quot;:&quot;yes&quot;,&quot;ideal_row_height_tablet&quot;:{&quot;unit&quot;:&quot;px&quot;,&quot;size&quot;:150,&quot;sizes&quot;:[]},&quot;ideal_row_height_mobile&quot;:{&quot;unit&quot;:&quot;px&quot;,&quot;size&quot;:150,&quot;sizes&quot;:[]},&quot;gap&quot;:{&quot;unit&quot;:&quot;px&quot;,&quot;size&quot;:10,&quot;sizes&quot;:[]},&quot;gap_tablet&quot;:{&quot;unit&quot;:&quot;px&quot;,&quot;size&quot;:10,&quot;sizes&quot;:[]},&quot;gap_mobile&quot;:{&quot;unit&quot;:&quot;px&quot;,&quot;size&quot;:10,&quot;sizes&quot;:[]},&quot;link_to&quot;:&quot;file&quot;,&quot;overlay_background&quot;:&quot;yes&quot;,&quot;content_hover_animation&quot;:&quot;fade-in&quot;}\" data-widget_type=\"gallery.default\">\n\t\t\t\t\t\t\t<div class=\"elementor-gallery__container\">\n\t\t\t\t\t\t\t<a class=\"e-gallery-item elementor-gallery-item elementor-animated-content\" href=\"https:\/\/dachaomedical.com\/wp-content\/uploads\/Medical-Consumables-8.png\" data-elementor-open-lightbox=\"yes\" data-elementor-lightbox-slideshow=\"c8e2e27\" data-elementor-lightbox-title=\"Medical Consumables (8)\" data-e-action-hash=\"#elementor-action%3Aaction%3Dlightbox%26settings%3DeyJpZCI6MjIzLCJ1cmwiOiJodHRwczpcL1wvZGFjaGFvbWVkaWNhbC5jb21cL3dwLWNvbnRlbnRcL3VwbG9hZHNcL01lZGljYWwtQ29uc3VtYWJsZXMtOC5wbmciLCJzbGlkZXNob3ciOiJjOGUyZTI3In0%3D\">\n\t\t\t\t\t<div class=\"e-gallery-image elementor-gallery-item__image\" data-thumbnail=\"https:\/\/dachaomedical.com\/wp-content\/uploads\/Medical-Consumables-8.png\" data-width=\"1083\" data-height=\"483\" aria-label=\"\" role=\"img\" ><\/div>\n\t\t\t\t\t\t\t\t\t\t\t<div class=\"elementor-gallery-item__overlay\"><\/div>\n\t\t\t\t\t\t\t\t\t\t\t\t\t\t<\/a>\n\t\t\t\t\t\t\t<a class=\"e-gallery-item elementor-gallery-item elementor-animated-content\" href=\"https:\/\/dachaomedical.com\/wp-content\/uploads\/Medical-Consumables-5.png\" data-elementor-open-lightbox=\"yes\" data-elementor-lightbox-slideshow=\"c8e2e27\" data-elementor-lightbox-title=\"Medical Consumables (5)\" data-e-action-hash=\"#elementor-action%3Aaction%3Dlightbox%26settings%3DeyJpZCI6MjE3LCJ1cmwiOiJodHRwczpcL1wvZGFjaGFvbWVkaWNhbC5jb21cL3dwLWNvbnRlbnRcL3VwbG9hZHNcL01lZGljYWwtQ29uc3VtYWJsZXMtNS5wbmciLCJzbGlkZXNob3ciOiJjOGUyZTI3In0%3D\">\n\t\t\t\t\t<div class=\"e-gallery-image elementor-gallery-item__image\" data-thumbnail=\"https:\/\/dachaomedical.com\/wp-content\/uploads\/Medical-Consumables-5.png\" data-width=\"682\" data-height=\"303\" aria-label=\"\" role=\"img\" ><\/div>\n\t\t\t\t\t\t\t\t\t\t\t<div class=\"elementor-gallery-item__overlay\"><\/div>\n\t\t\t\t\t\t\t\t\t\t\t\t\t\t<\/a>\n\t\t\t\t\t\t\t<a class=\"e-gallery-item elementor-gallery-item elementor-animated-content\" href=\"https:\/\/dachaomedical.com\/wp-content\/uploads\/Medical-Equipment-24-scaled-e1765435174314.jpg\" data-elementor-open-lightbox=\"yes\" data-elementor-lightbox-slideshow=\"c8e2e27\" data-elementor-lightbox-title=\"Medical Equipment (24)\" data-e-action-hash=\"#elementor-action%3Aaction%3Dlightbox%26settings%3DeyJpZCI6MTk2LCJ1cmwiOiJodHRwczpcL1wvZGFjaGFvbWVkaWNhbC5jb21cL3dwLWNvbnRlbnRcL3VwbG9hZHNcL01lZGljYWwtRXF1aXBtZW50LTI0LXNjYWxlZC1lMTc2NTQzNTE3NDMxNC5qcGciLCJzbGlkZXNob3ciOiJjOGUyZTI3In0%3D\">\n\t\t\t\t\t<div class=\"e-gallery-image elementor-gallery-item__image\" data-thumbnail=\"https:\/\/dachaomedical.com\/wp-content\/uploads\/Medical-Equipment-24-scaled-e1765435174314.jpg\" data-width=\"1165\" data-height=\"1694\" aria-label=\"\" role=\"img\" ><\/div>\n\t\t\t\t\t\t\t\t\t\t\t<div class=\"elementor-gallery-item__overlay\"><\/div>\n\t\t\t\t\t\t\t\t\t\t\t\t\t\t<\/a>\n\t\t\t\t\t\t\t<a class=\"e-gallery-item elementor-gallery-item elementor-animated-content\" href=\"https:\/\/dachaomedical.com\/wp-content\/uploads\/Medical-Equipment-16-scaled-e1765435199259.jpg\" data-elementor-open-lightbox=\"yes\" data-elementor-lightbox-slideshow=\"c8e2e27\" data-elementor-lightbox-title=\"Medical Equipment (16)\" data-e-action-hash=\"#elementor-action%3Aaction%3Dlightbox%26settings%3DeyJpZCI6MTg4LCJ1cmwiOiJodHRwczpcL1wvZGFjaGFvbWVkaWNhbC5jb21cL3dwLWNvbnRlbnRcL3VwbG9hZHNcL01lZGljYWwtRXF1aXBtZW50LTE2LXNjYWxlZC1lMTc2NTQzNTE5OTI1OS5qcGciLCJzbGlkZXNob3ciOiJjOGUyZTI3In0%3D\">\n\t\t\t\t\t<div class=\"e-gallery-image elementor-gallery-item__image\" data-thumbnail=\"https:\/\/dachaomedical.com\/wp-content\/uploads\/Medical-Equipment-16-scaled-e1765435199259.jpg\" data-width=\"1165\" data-height=\"1660\" aria-label=\"\" role=\"img\" ><\/div>\n\t\t\t\t\t\t\t\t\t\t\t<div class=\"elementor-gallery-item__overlay\"><\/div>\n\t\t\t\t\t\t\t\t\t\t\t\t\t\t<\/a>\n\t\t\t\t\t\t\t<a class=\"e-gallery-item elementor-gallery-item elementor-animated-content\" href=\"https:\/\/dachaomedical.com\/wp-content\/uploads\/b4e119e15ee19bb26005cb875c1396c8.png\" data-elementor-open-lightbox=\"yes\" data-elementor-lightbox-slideshow=\"c8e2e27\" data-elementor-lightbox-title=\"b4e119e15ee19bb26005cb875c1396c8\" data-e-action-hash=\"#elementor-action%3Aaction%3Dlightbox%26settings%3DeyJpZCI6ODU5LCJ1cmwiOiJodHRwczpcL1wvZGFjaGFvbWVkaWNhbC5jb21cL3dwLWNvbnRlbnRcL3VwbG9hZHNcL2I0ZTExOWUxNWVlMTliYjI2MDA1Y2I4NzVjMTM5NmM4LnBuZyIsInNsaWRlc2hvdyI6ImM4ZTJlMjcifQ%3D%3D\">\n\t\t\t\t\t<div class=\"e-gallery-image elementor-gallery-item__image\" data-thumbnail=\"https:\/\/dachaomedical.com\/wp-content\/uploads\/b4e119e15ee19bb26005cb875c1396c8.png\" data-width=\"548\" data-height=\"782\" aria-label=\"\" role=\"img\" ><\/div>\n\t\t\t\t\t\t\t\t\t\t\t<div class=\"elementor-gallery-item__overlay\"><\/div>\n\t\t\t\t\t\t\t\t\t\t\t\t\t\t<\/a>\n\t\t\t\t\t\t\t<a class=\"e-gallery-item elementor-gallery-item elementor-animated-content\" href=\"https:\/\/dachaomedical.com\/wp-content\/uploads\/4abda3200ed51338596b4c195f984a25.png\" data-elementor-open-lightbox=\"yes\" data-elementor-lightbox-slideshow=\"c8e2e27\" data-elementor-lightbox-title=\"4abda3200ed51338596b4c195f984a25\" data-e-action-hash=\"#elementor-action%3Aaction%3Dlightbox%26settings%3DeyJpZCI6ODU3LCJ1cmwiOiJodHRwczpcL1wvZGFjaGFvbWVkaWNhbC5jb21cL3dwLWNvbnRlbnRcL3VwbG9hZHNcLzRhYmRhMzIwMGVkNTEzMzg1OTZiNGMxOTVmOTg0YTI1LnBuZyIsInNsaWRlc2hvdyI6ImM4ZTJlMjcifQ%3D%3D\">\n\t\t\t\t\t<div class=\"e-gallery-image elementor-gallery-item__image\" data-thumbnail=\"https:\/\/dachaomedical.com\/wp-content\/uploads\/4abda3200ed51338596b4c195f984a25.png\" data-width=\"584\" data-height=\"825\" aria-label=\"\" role=\"img\" ><\/div>\n\t\t\t\t\t\t\t\t\t\t\t<div class=\"elementor-gallery-item__overlay\"><\/div>\n\t\t\t\t\t\t\t\t\t\t\t\t\t\t<\/a>\n\t\t\t\t\t\t\t<a class=\"e-gallery-item elementor-gallery-item elementor-animated-content\" href=\"https:\/\/dachaomedical.com\/wp-content\/uploads\/8ed34893875c21e8b336502f4f1588bd.png\" data-elementor-open-lightbox=\"yes\" data-elementor-lightbox-slideshow=\"c8e2e27\" data-elementor-lightbox-title=\"8ed34893875c21e8b336502f4f1588bd\" data-e-action-hash=\"#elementor-action%3Aaction%3Dlightbox%26settings%3DeyJpZCI6ODU4LCJ1cmwiOiJodHRwczpcL1wvZGFjaGFvbWVkaWNhbC5jb21cL3dwLWNvbnRlbnRcL3VwbG9hZHNcLzhlZDM0ODkzODc1YzIxZThiMzM2NTAyZjRmMTU4OGJkLnBuZyIsInNsaWRlc2hvdyI6ImM4ZTJlMjcifQ%3D%3D\">\n\t\t\t\t\t<div class=\"e-gallery-image elementor-gallery-item__image\" data-thumbnail=\"https:\/\/dachaomedical.com\/wp-content\/uploads\/8ed34893875c21e8b336502f4f1588bd.png\" data-width=\"489\" data-height=\"720\" aria-label=\"\" role=\"img\" ><\/div>\n\t\t\t\t\t\t\t\t\t\t\t<div class=\"elementor-gallery-item__overlay\"><\/div>\n\t\t\t\t\t\t\t\t\t\t\t\t\t\t<\/a>\n\t\t\t\t\t<\/div>\n\t\t\t\t\t<\/div>\n\t\t\t\t\t<\/div>\n\t\t\t\t<\/div>\n\t\t\t\t\t<\/div>\n\t\t\t\t<\/div>\n\t\t<div class=\"elementor-element elementor-element-7abe4bd0 e-flex e-con-boxed e-con e-parent\" data-id=\"7abe4bd0\" data-element_type=\"container\">\n\t\t\t\t\t<div class=\"e-con-inner\">\n\t\t<div class=\"elementor-element elementor-element-3ad3b97 e-con-full e-flex e-con e-child\" data-id=\"3ad3b97\" data-element_type=\"container\">\n\t\t\t\t<div class=\"elementor-element elementor-element-61045418 elementor-widget elementor-widget-image\" data-id=\"61045418\" data-element_type=\"widget\" data-widget_type=\"image.default\">\n\t\t\t\t\t\t\t\t\t\t\t\t\t\t\t<img decoding=\"async\" src=\"https:\/\/dachaomedical.com\/wp-content\/uploads\/elementor\/thumbs\/caring-senior-couple-1-rfznpvf2fazzlri3q4mcbcrdlge60lhrc8t38ux3wg.jpg\" title=\"couple-de-seniors-attentionn\u00e9s\" alt=\"couple-de-seniors-attentionn\u00e9s\" loading=\"lazy\" \/>\t\t\t\t\t\t\t\t\t\t\t\t\t\t\t<\/div>\n\t\t\t\t<\/div>\n\t\t<div class=\"elementor-element elementor-element-1dd51001 e-con-full e-flex e-con e-child\" data-id=\"1dd51001\" data-element_type=\"container\">\n\t\t\t\t<div class=\"elementor-element elementor-element-5500fc16 elementor-widget elementor-widget-heading\" data-id=\"5500fc16\" data-element_type=\"widget\" data-widget_type=\"heading.default\">\n\t\t\t\t\t<h2 class=\"elementor-heading-title elementor-size-default\">En cas de besoin m\u00e9dical, nous sommes l\u00e0 pour vous aider.<\/h2>\t\t\t\t<\/div>\n\t\t\t\t<div class=\"elementor-element elementor-element-65a54b91 elementor-widget elementor-widget-text-editor\" data-id=\"65a54b91\" data-element_type=\"widget\" data-widget_type=\"text-editor.default\">\n\t\t\t\t\t\t\t\t\t<p>Laissez nos produits professionnels r\u00e9pondre \u00e0 vos besoins et vous offrir une vie merveilleuse \u00e0 l'avenir. Notre concentration, notre d\u00e9vouement et notre professionnalisme permettront au monde entier de reconna\u00eetre notre valeur.<\/p>\t\t\t\t\t\t\t\t<\/div>\n\t\t\t\t<div class=\"elementor-element elementor-element-472d1cde elementor-widget elementor-widget-image\" data-id=\"472d1cde\" data-element_type=\"widget\" data-widget_type=\"image.default\">\n\t\t\t\t\t\t\t\t\t\t\t\t\t\t\t<img decoding=\"async\" src=\"https:\/\/dachaomedical.com\/wp-content\/uploads\/elementor\/thumbs\/Signature-rfzqb6u8x6nwwbdpfaf1rx28qn9s93gye0ne7cljwg.jpg\" title=\"Signature\" alt=\"Signature\" loading=\"lazy\" \/>\t\t\t\t\t\t\t\t\t\t\t\t\t\t\t<\/div>\n\t\t\t\t<div class=\"elementor-element elementor-element-43022e37 elementor-widget elementor-widget-heading\" data-id=\"43022e37\" data-element_type=\"widget\" data-widget_type=\"heading.default\">\n\t\t\t\t\t<h5 class=\"elementor-heading-title elementor-size-default\">Fondateur et PDG<\/h5>\t\t\t\t<\/div>\n\t\t\t\t<\/div>\n\t\t\t\t\t<\/div>\n\t\t\t\t<\/div>\n\t\t\t\t<\/div>","protected":false},"excerpt":{"rendered":"<p>About Us Our group company has over a hundred employees. The branches are located in different cities of the Guangdong Greater Bay Area of China, producing different types of products and selling them to different countries. We hold multiple international recognized medical certification certificates and look forward to creating a beautiful and clean medical environment [&hellip;]<\/p>","protected":false},"author":4,"featured_media":0,"parent":0,"menu_order":1,"comment_status":"closed","ping_status":"closed","template":"","meta":{"footnotes":""},"class_list":["post-49","page","type-page","status-publish","hentry"],"_links":{"self":[{"href":"https:\/\/dachaomedical.com\/fr\/wp-json\/wp\/v2\/pages\/49","targetHints":{"allow":["GET"]}}],"collection":[{"href":"https:\/\/dachaomedical.com\/fr\/wp-json\/wp\/v2\/pages"}],"about":[{"href":"https:\/\/dachaomedical.com\/fr\/wp-json\/wp\/v2\/types\/page"}],"author":[{"embeddable":true,"href":"https:\/\/dachaomedical.com\/fr\/wp-json\/wp\/v2\/users\/4"}],"replies":[{"embeddable":true,"href":"https:\/\/dachaomedical.com\/fr\/wp-json\/wp\/v2\/comments?post=49"}],"version-history":[{"count":0,"href":"https:\/\/dachaomedical.com\/fr\/wp-json\/wp\/v2\/pages\/49\/revisions"}],"wp:attachment":[{"href":"https:\/\/dachaomedical.com\/fr\/wp-json\/wp\/v2\/media?parent=49"}],"curies":[{"name":"wp","href":"https:\/\/api.w.org\/{rel}","templated":true}]}}