{"id":1239,"date":"2026-01-09T16:23:31","date_gmt":"2026-01-09T08:23:31","guid":{"rendered":"https:\/\/dachaomedical.com\/?page_id=1239"},"modified":"2026-01-12T11:07:09","modified_gmt":"2026-01-12T03:07:09","slug":"politica-de-cookies","status":"publish","type":"page","link":"https:\/\/dachaomedical.com\/pt\/politica-de-cookies\/","title":{"rendered":"Pol\u00edtica de Cookies"},"content":{"rendered":"<div data-elementor-type=\"wp-page\" data-elementor-id=\"1239\" class=\"elementor elementor-1239\" data-elementor-post-type=\"page\">\n\t\t\t\t<div class=\"elementor-element elementor-element-6a7078c9 e-flex e-con-boxed e-con e-parent\" data-id=\"6a7078c9\" data-element_type=\"container\">\n\t\t\t\t\t<div class=\"e-con-inner\">\n\t\t\t\t<div class=\"elementor-element elementor-element-3df0b06 abby-cus1 elementor-widget elementor-widget-text-editor\" data-id=\"3df0b06\" data-element_type=\"widget\" data-widget_type=\"text-editor.default\">\n\t\t\t\t\t\t\t\t\t\n<div class=\"wp-block-group is-layout-constrained wp-block-group-is-layout-constrained\">\n<h1 class=\"wp-block-heading\">Pol\u00edtica de Cookies<\/h1>\n\n<p>Utilizamos cookies para o ajudar a navegar eficientemente e a executar determinadas fun\u00e7\u00f5es. Encontrar\u00e1 informa\u00e7\u00f5es detalhadas sobre todos os cookies em cada categoria de consentimento abaixo.<\/p>\n\n<p>Os cookies classificados como \u201cNecess\u00e1rios\u201d s\u00e3o armazenados no seu navegador, uma vez que s\u00e3o essenciais para permitir as funcionalidades b\u00e1sicas do s\u00edtio.<\/p>\n\n<p>Tamb\u00e9m utilizamos cookies de terceiros que nos ajudam a analisar a forma como utiliza este s\u00edtio Web, armazenam as suas prefer\u00eancias e fornecem o conte\u00fado e os an\u00fancios que s\u00e3o relevantes para si. Estes cookies s\u00f3 ser\u00e3o armazenados no seu browser com o seu consentimento pr\u00e9vio.<\/p>\n\n<p>O utilizador pode optar por ativar ou desativar alguns ou todos estes cookies, mas a desativa\u00e7\u00e3o de alguns deles pode afetar a sua experi\u00eancia de navega\u00e7\u00e3o.<\/p>\n\n<h2 class=\"wp-block-heading\">Necess\u00e1rio<\/h2>\n\n<p>Os cookies necess\u00e1rios s\u00e3o requeridos para ativar as funcionalidades b\u00e1sicas deste s\u00edtio, tais como proporcionar um in\u00edcio de sess\u00e3o seguro ou ajustar as suas prefer\u00eancias de consentimento. Estes cookies n\u00e3o armazenam quaisquer dados pessoais identific\u00e1veis.<\/p>\n\n<figure class=\"wp-block-table\">\n<table>\n<thead>\n<tr>\n<th class=\"has-text-align-left\" data-align=\"left\">Biscoito<\/th>\n<th class=\"has-text-align-left\" data-align=\"left\">Dura\u00e7\u00e3o<\/th>\n<th class=\"has-text-align-left\" data-align=\"left\">Descri\u00e7\u00e3o<\/th>\n<\/tr>\n<\/thead>\n<tbody>\n<tr>\n<td class=\"has-text-align-left\" data-align=\"left\">cookieyes-consent<\/td>\n<td class=\"has-text-align-left\" data-align=\"left\">1 ano<\/td>\n<td class=\"has-text-align-left\" data-align=\"left\">CookieYes define este cookie para recordar as prefer\u00eancias de consentimento dos utilizadores, de modo a que as suas prefer\u00eancias sejam respeitadas nas visitas subsequentes a este s\u00edtio. N\u00e3o recolhe nem armazena quaisquer informa\u00e7\u00f5es pessoais sobre os visitantes do s\u00edtio.<\/td>\n<\/tr>\n<\/tbody>\n<\/table>\n<\/figure>\n\n<h2 class=\"wp-block-heading\">Anal\u00edtica<\/h2>\n\n<p>Os cookies anal\u00edticos s\u00e3o utilizados para compreender a forma como os visitantes interagem com o s\u00edtio Web. Estes cookies ajudam a fornecer informa\u00e7\u00f5es sobre m\u00e9tricas como o n\u00famero de visitantes, a taxa de rejei\u00e7\u00e3o, a origem do tr\u00e1fego, etc.<\/p>\n\n<figure class=\"wp-block-table\">\n<table>\n<thead>\n<tr>\n<th class=\"has-text-align-left\" data-align=\"left\">Biscoito<\/th>\n<th class=\"has-text-align-left\" data-align=\"left\">Dura\u00e7\u00e3o<\/th>\n<th class=\"has-text-align-left\" data-align=\"left\">Descri\u00e7\u00e3o<\/th>\n<\/tr>\n<\/thead>\n<tbody>\n<tr>\n<td class=\"has-text-align-left\" data-align=\"left\">_ga_*<\/td>\n<td class=\"has-text-align-left\" data-align=\"left\">1 ano 1 m\u00eas 4 dias<\/td>\n<td class=\"has-text-align-left\" data-align=\"left\">O Google Analytics define este cookie para armazenar e contar as visualiza\u00e7\u00f5es de p\u00e1ginas.<\/td>\n<\/tr>\n<tr>\n<td class=\"has-text-align-left\" data-align=\"left\">_ga<\/td>\n<td class=\"has-text-align-left\" data-align=\"left\">1 ano 1 m\u00eas 4 dias<\/td>\n<td class=\"has-text-align-left\" data-align=\"left\">O Google Analytics define este cookie para calcular os dados do visitante, da sess\u00e3o e da campanha e acompanhar a utiliza\u00e7\u00e3o do s\u00edtio para o relat\u00f3rio anal\u00edtico do s\u00edtio. O cookie armazena informa\u00e7\u00f5es de forma an\u00f3nima e atribui um n\u00famero gerado aleatoriamente para reconhecer os visitantes \u00fanicos.<\/td>\n<\/tr>\n<\/tbody>\n<\/table>\n<\/figure>\n<\/div>\n\t\t\t\t\t\t\t\t<\/div>\n\t\t\t\t\t<\/div>\n\t\t\t\t<\/div>\n\t\t\t\t<\/div>","protected":false},"excerpt":{"rendered":"<p>Cookie Policy We use cookies to help you navigate efficiently and perform certain functions. You will find detailed information about all cookies under each consent category below. The cookies that are categorised as &#8220;Necessary&#8221; are stored on your browser as they are essential for enabling the basic functionalities of the site. We also use third-party [&hellip;]<\/p>","protected":false},"author":4,"featured_media":0,"parent":0,"menu_order":10,"comment_status":"closed","ping_status":"closed","template":"elementor_canvas","meta":{"footnotes":""},"class_list":["post-1239","page","type-page","status-publish","hentry"],"_links":{"self":[{"href":"https:\/\/dachaomedical.com\/pt\/wp-json\/wp\/v2\/pages\/1239","targetHints":{"allow":["GET"]}}],"collection":[{"href":"https:\/\/dachaomedical.com\/pt\/wp-json\/wp\/v2\/pages"}],"about":[{"href":"https:\/\/dachaomedical.com\/pt\/wp-json\/wp\/v2\/types\/page"}],"author":[{"embeddable":true,"href":"https:\/\/dachaomedical.com\/pt\/wp-json\/wp\/v2\/users\/4"}],"replies":[{"embeddable":true,"href":"https:\/\/dachaomedical.com\/pt\/wp-json\/wp\/v2\/comments?post=1239"}],"version-history":[{"count":0,"href":"https:\/\/dachaomedical.com\/pt\/wp-json\/wp\/v2\/pages\/1239\/revisions"}],"wp:attachment":[{"href":"https:\/\/dachaomedical.com\/pt\/wp-json\/wp\/v2\/media?parent=1239"}],"curies":[{"name":"wp","href":"https:\/\/api.w.org\/{rel}","templated":true}]}}