{"id":3,"date":"2026-01-09T03:05:47","date_gmt":"2026-01-08T19:05:47","guid":{"rendered":"http:\/\/dachaomedical.com\/?page_id=3"},"modified":"2026-03-08T12:40:41","modified_gmt":"2026-03-08T04:40:41","slug":"politica-de-privacidade","status":"publish","type":"page","link":"https:\/\/dachaomedical.com\/pt\/politica-de-privacidade\/","title":{"rendered":"Pol\u00edtica de Privacidade"},"content":{"rendered":"<div data-elementor-type=\"wp-page\" data-elementor-id=\"3\" class=\"elementor elementor-3\" data-elementor-post-type=\"page\">\n\t\t\t\t<div class=\"elementor-element elementor-element-24a0be4c e-flex e-con-boxed e-con e-parent\" data-id=\"24a0be4c\" data-element_type=\"container\">\n\t\t\t\t\t<div class=\"e-con-inner\">\n\t\t\t\t<div class=\"elementor-element elementor-element-7c458fd1 abby-cus1 elementor-widget elementor-widget-text-editor\" data-id=\"7c458fd1\" data-element_type=\"widget\" data-widget_type=\"text-editor.default\">\n\t\t\t\t\t\t\t\t\t<p><\/p>\n<h1>Pol\u00edtica de Privacidade<\/h1>\n<p><strong>\u00daltima atualiza\u00e7\u00e3o em 09-Jan-2026<\/strong><\/p>\n<p><\/p>\n<p><strong>Data efectiva 09-Jan-2026<\/strong><\/p>\n<p><\/p>\n<p>Esta Pol\u00edtica de Privacidade descreve as pol\u00edticas de DaChao, No. 26 Jianzhong Road, Tianhe District, Guangzhou, China, email: dachaomedical606@gmail.com, phone: +8613760600991 sobre a recolha, utiliza\u00e7\u00e3o e divulga\u00e7\u00e3o das suas informa\u00e7\u00f5es que recolhemos quando utiliza o nosso s\u00edtio Web ( https:\/\/dachaomedical.com\/ ). (o \u201cServi\u00e7o\u201d). Ao aceder ou utilizar o Servi\u00e7o, est\u00e1 a consentir a recolha, utiliza\u00e7\u00e3o e divulga\u00e7\u00e3o das suas informa\u00e7\u00f5es de acordo com a presente Pol\u00edtica de Privacidade. Se n\u00e3o concordar com o mesmo, por favor n\u00e3o aceda ou utilize o Servi\u00e7o.<\/p>\n<p><\/p>\n<p>Podemos modificar esta Pol\u00edtica de Privacidade em qualquer altura sem qualquer aviso pr\u00e9vio ao utilizador e publicaremos a Pol\u00edtica de Privacidade revista no Servi\u00e7o. A Pol\u00edtica revista entrar\u00e1 em vigor 180 dias ap\u00f3s a publica\u00e7\u00e3o da Pol\u00edtica revista no Servi\u00e7o e o seu acesso ou utiliza\u00e7\u00e3o continuada do Servi\u00e7o ap\u00f3s esse per\u00edodo constituir\u00e1 a sua aceita\u00e7\u00e3o da Pol\u00edtica de Privacidade revista. Por conseguinte, recomendamos que reveja periodicamente esta p\u00e1gina.<\/p>\n<p><\/p>\n<h2 class=\"wp-block-heading\">Informa\u00e7\u00f5es que recolhemos:<\/h2>\n<p><\/p>\n<p>Iremos recolher e processar as seguintes informa\u00e7\u00f5es pessoais sobre o utilizador:<\/p>\n<p><\/p>\n<ul class=\"wp-block-list\"><p><\/p>\n<li>Nome<\/li>\n<p><\/p>\n<li>E-mail<\/li>\n<p><\/p>\n<li>Telem\u00f3vel<\/li>\n<p><\/p>\n<\/ul>\n<p><\/p>\n<h2 class=\"wp-block-heading\">Como utilizamos as suas informa\u00e7\u00f5es:<\/h2>\n<p><\/p>\n<p>Utilizaremos as informa\u00e7\u00f5es que recolhemos sobre o utilizador para os seguintes fins<\/p>\n<p><\/p>\n<ul class=\"wp-block-list\"><p><\/p>\n<li>Apoio<\/li>\n<p><\/p>\n<\/ul>\n<p><\/p>\n<p>Se pretendermos utilizar as suas informa\u00e7\u00f5es para qualquer outro fim, solicitaremos o seu consentimento e utilizaremos as suas informa\u00e7\u00f5es apenas depois de recebermos o seu consentimento e, em seguida, apenas para o(s) fim(ns) para o(s) qual(is) concedeu o seu consentimento, a menos que sejamos obrigados por lei a fazer o contr\u00e1rio.<\/p>\n<p><\/p>\n<h2 class=\"wp-block-heading\">Como partilhamos as suas informa\u00e7\u00f5es:<\/h2>\n<p><\/p>\n<p>N\u00e3o transferiremos as suas informa\u00e7\u00f5es pessoais para terceiros sem o seu consentimento, exceto em circunst\u00e2ncias limitadas, conforme descrito abaixo:<\/p>\n<p><\/p>\n<ul class=\"wp-block-list\"><p><\/p>\n<li>Servi\u00e7o de an\u00fancios<\/li>\n<p><\/p>\n<li>Anal\u00edtica<\/li>\n<p><\/p>\n<\/ul>\n<p><\/p>\n<p>Exigimos que esses terceiros utilizem as informa\u00e7\u00f5es pessoais que lhes transferimos apenas para os fins para os quais foram transferidas e que n\u00e3o as conservem por mais tempo do que o necess\u00e1rio para cumprir os referidos fins.<\/p>\n<p><\/p>\n<p>Tamb\u00e9m podemos divulgar as suas informa\u00e7\u00f5es pessoais para os seguintes fins<\/p>\n<p><\/p>\n<p>(1) para cumprir a lei, regulamento, ordem judicial ou outro processo legal aplic\u00e1vel;<\/p>\n<p><\/p>\n<p>(2) para fazer cumprir os seus acordos connosco, incluindo esta Pol\u00edtica de Privacidade; ou<\/p>\n<p><\/p>\n<p>(3) para responder a reclama\u00e7\u00f5es de que a sua utiliza\u00e7\u00e3o do Servi\u00e7o viola quaisquer direitos de terceiros. Se o Servi\u00e7o ou a nossa empresa for fundido ou adquirido por outra empresa, as suas informa\u00e7\u00f5es ser\u00e3o um dos activos transferidos para o novo propriet\u00e1rio.<\/p>\n<p><\/p>\n<h2 class=\"wp-block-heading\">Reten\u00e7\u00e3o das informa\u00e7\u00f5es do utilizador:<\/h2>\n<p><\/p>\n<p>Conservaremos as suas informa\u00e7\u00f5es pessoais durante 12 meses a partir da data de envio do inqu\u00e9rito ou durante o tempo necess\u00e1rio para cumprir os objectivos para os quais foram recolhidas, conforme descrito na presente Pol\u00edtica de Privacidade. Poderemos ter de conservar determinadas informa\u00e7\u00f5es durante per\u00edodos mais longos, como a manuten\u00e7\u00e3o de registos\/relat\u00f3rios de acordo com a legisla\u00e7\u00e3o aplic\u00e1vel ou por outros motivos leg\u00edtimos, como a aplica\u00e7\u00e3o de direitos legais, a preven\u00e7\u00e3o de fraudes, etc. As informa\u00e7\u00f5es an\u00f3nimas residuais e as informa\u00e7\u00f5es agregadas, nenhuma das quais o identifica (direta ou indiretamente), podem ser armazenadas indefinidamente.<\/p>\n<p><\/p>\n<h2 class=\"wp-block-heading\">Os seus direitos:<\/h2>\n<p><\/p>\n<p>Dependendo da lei aplic\u00e1vel, pode ter o direito de aceder e retificar ou apagar os seus dados pessoais ou receber uma c\u00f3pia dos seus dados pessoais, restringir ou opor-se ao processamento ativo dos seus dados, pedir-nos para partilhar (portar) as suas informa\u00e7\u00f5es pessoais com outra entidade, retirar qualquer consentimento que nos tenha dado para processar os seus dados, o direito de apresentar uma queixa junto de uma autoridade estatut\u00e1ria e outros direitos que possam ser relevantes ao abrigo da legisla\u00e7\u00e3o aplic\u00e1vel. Para exercer estes direitos, pode escrever-nos para ls13760600991@gmail.com. Responderemos ao seu pedido em conformidade com a legisla\u00e7\u00e3o aplic\u00e1vel.<\/p>\n<p><\/p>\n<p>Tenha em aten\u00e7\u00e3o que, se n\u00e3o nos autorizar a recolher ou processar as informa\u00e7\u00f5es pessoais necess\u00e1rias ou se retirar o consentimento para o processamento das mesmas para os fins pretendidos, poder\u00e1 n\u00e3o conseguir aceder ou utilizar os servi\u00e7os para os quais as suas informa\u00e7\u00f5es foram solicitadas.<\/p>\n<p><\/p>\n<h2 class=\"wp-block-heading\">Cookies:<\/h2>\n<p><\/p>\n<p>Para saber mais sobre a forma como as utilizamos e as suas op\u00e7\u00f5es em rela\u00e7\u00e3o a estas tecnologias de rastreio, consulte a nossa&nbsp;<a href=\"\/pt\/politica-de-cookies\/\">Pol\u00edtica de cookies.<\/a><\/p>\n<p><\/p>\n<h2 class=\"wp-block-heading\">Seguran\u00e7a:<\/h2>\n<p><\/p>\n<p>A seguran\u00e7a das suas informa\u00e7\u00f5es \u00e9 importante para n\u00f3s e utilizaremos medidas de seguran\u00e7a razo\u00e1veis para evitar a perda, utiliza\u00e7\u00e3o indevida ou altera\u00e7\u00e3o n\u00e3o autorizada das suas informa\u00e7\u00f5es sob o nosso controlo. No entanto, tendo em conta os riscos inerentes, n\u00e3o podemos garantir uma seguran\u00e7a absoluta e, consequentemente, n\u00e3o podemos assegurar ou garantir a seguran\u00e7a de quaisquer informa\u00e7\u00f5es que nos transmita e f\u00e1-lo-\u00e1 por sua conta e risco.<\/p>\n<p><\/p>\n<h2 class=\"wp-block-heading\">Respons\u00e1vel pelas queixas \/ prote\u00e7\u00e3o de dados:<\/h2>\n<p><\/p>\n<p>Se tiver d\u00favidas ou preocupa\u00e7\u00f5es sobre o processamento das suas informa\u00e7\u00f5es que est\u00e3o dispon\u00edveis connosco, pode enviar uma mensagem de correio eletr\u00f3nico para o nosso Respons\u00e1vel pelas Reclama\u00e7\u00f5es em DaChao, No. 26 Jianzhong Road, Tianhe District, Guangzhou, China, e-mail: ls13760600991@gmail.com. Trataremos das suas preocupa\u00e7\u00f5es de acordo com a legisla\u00e7\u00e3o aplic\u00e1vel.<\/p>\n<p><\/p>\n<p><\/p>\t\t\t\t\t\t\t\t<\/div>\n\t\t\t\t\t<\/div>\n\t\t\t\t<\/div>\n\t\t\t\t<\/div>","protected":false},"excerpt":{"rendered":"<p>Privacy Policy Last Updated On 09-Jan-2026 Effective Date 09-Jan-2026 This Privacy Policy describes the policies of DaChao, No. 26 Jianzhong Road, Tianhe District, Guangzhou, China, email: dachaomedical606@gmail.com, phone: +8613760600991 on the collection, use and disclosure of your information that we collect when you use our website ( https:\/\/dachaomedical.com\/ ). (the \u201cService\u201d). By accessing or using [&hellip;]<\/p>","protected":false},"author":4,"featured_media":0,"parent":0,"menu_order":9,"comment_status":"closed","ping_status":"closed","template":"elementor_canvas","meta":{"footnotes":""},"class_list":["post-3","page","type-page","status-publish","hentry"],"_links":{"self":[{"href":"https:\/\/dachaomedical.com\/pt\/wp-json\/wp\/v2\/pages\/3","targetHints":{"allow":["GET"]}}],"collection":[{"href":"https:\/\/dachaomedical.com\/pt\/wp-json\/wp\/v2\/pages"}],"about":[{"href":"https:\/\/dachaomedical.com\/pt\/wp-json\/wp\/v2\/types\/page"}],"author":[{"embeddable":true,"href":"https:\/\/dachaomedical.com\/pt\/wp-json\/wp\/v2\/users\/4"}],"replies":[{"embeddable":true,"href":"https:\/\/dachaomedical.com\/pt\/wp-json\/wp\/v2\/comments?post=3"}],"version-history":[{"count":9,"href":"https:\/\/dachaomedical.com\/pt\/wp-json\/wp\/v2\/pages\/3\/revisions"}],"predecessor-version":[{"id":1475,"href":"https:\/\/dachaomedical.com\/pt\/wp-json\/wp\/v2\/pages\/3\/revisions\/1475"}],"wp:attachment":[{"href":"https:\/\/dachaomedical.com\/pt\/wp-json\/wp\/v2\/media?parent=3"}],"curies":[{"name":"wp","href":"https:\/\/api.w.org\/{rel}","templated":true}]}}