{"id":49,"date":"2025-12-09T12:15:40","date_gmt":"2025-12-09T04:15:40","guid":{"rendered":"https:\/\/dachaomedical.com\/?page_id=49"},"modified":"2025-12-23T11:43:10","modified_gmt":"2025-12-23T03:43:10","slug":"sobre","status":"publish","type":"page","link":"https:\/\/dachaomedical.com\/pt\/sobre\/","title":{"rendered":"Sobre"},"content":{"rendered":"<div data-elementor-type=\"wp-page\" data-elementor-id=\"49\" class=\"elementor elementor-49\" data-elementor-post-type=\"page\">\n\t\t\t\t<div class=\"elementor-element elementor-element-41de643 e-flex e-con-boxed e-con e-parent\" data-id=\"41de643\" data-element_type=\"container\" data-settings=\"{&quot;background_background&quot;:&quot;classic&quot;}\">\n\t\t\t\t\t<div class=\"e-con-inner\">\n\t\t<div class=\"elementor-element elementor-element-466696af e-con-full e-flex e-con e-child\" data-id=\"466696af\" data-element_type=\"container\" data-settings=\"{&quot;background_background&quot;:&quot;classic&quot;}\">\n\t\t\t\t<div class=\"elementor-element elementor-element-40aa1fe2 elementor-widget elementor-widget-heading\" data-id=\"40aa1fe2\" data-element_type=\"widget\" data-widget_type=\"heading.default\">\n\t\t\t\t\t<h1 class=\"elementor-heading-title elementor-size-default\">Sobre n\u00f3s<\/h1>\t\t\t\t<\/div>\n\t\t\t\t<div class=\"elementor-element elementor-element-d9495c elementor-widget__width-initial elementor-widget elementor-widget-text-editor\" data-id=\"d9495c\" data-element_type=\"widget\" data-widget_type=\"text-editor.default\">\n\t\t\t\t\t\t\t\t\t<p>A nossa empresa do grupo tem mais de cem funcion\u00e1rios. As filiais est\u00e3o localizadas em diferentes cidades da Grande Ba\u00eda de Guangdong, na China, produzindo diferentes tipos de produtos e vendendo-os para diferentes pa\u00edses. Possu\u00edmos v\u00e1rios certificados m\u00e9dicos reconhecidos internacionalmente e esperamos criar um ambiente m\u00e9dico bonito e limpo para o seu pa\u00eds.<\/p>\t\t\t\t\t\t\t\t<\/div>\n\t\t\t\t<\/div>\n\t\t\t\t\t<\/div>\n\t\t\t\t<\/div>\n\t\t<div class=\"elementor-element elementor-element-25c6b025 e-flex e-con-boxed e-con e-parent\" data-id=\"25c6b025\" data-element_type=\"container\" data-settings=\"{&quot;background_background&quot;:&quot;classic&quot;}\">\n\t\t\t\t\t<div class=\"e-con-inner\">\n\t\t<div class=\"elementor-element elementor-element-a5831d5 e-con-full e-flex e-con e-child\" data-id=\"a5831d5\" data-element_type=\"container\">\n\t\t\t\t<div class=\"elementor-element elementor-element-7a5e905 elementor-icon-list--layout-inline elementor-list-item-link-full_width elementor-widget elementor-widget-icon-list\" data-id=\"7a5e905\" data-element_type=\"widget\" data-widget_type=\"icon-list.default\">\n\t\t\t\t\t\t\t<ul class=\"elementor-icon-list-items elementor-inline-items\">\n\t\t\t\t\t\t\t<li class=\"elementor-icon-list-item elementor-inline-item\">\n\t\t\t\t\t\t\t\t\t\t\t<a href=\"#\">\n\n\t\t\t\t\t\t\t\t\t\t\t<span class=\"elementor-icon-list-text\">P\u00e1gina inicial<\/span>\n\t\t\t\t\t\t\t\t\t\t\t<\/a>\n\t\t\t\t\t\t\t\t\t<\/li>\n\t\t\t\t\t\t\t\t<li class=\"elementor-icon-list-item elementor-inline-item\">\n\t\t\t\t\t\t\t\t\t\t\t<a href=\"#\">\n\n\t\t\t\t\t\t\t\t\t\t\t\t<span class=\"elementor-icon-list-icon\">\n\t\t\t\t\t\t\t<i aria-hidden=\"true\" class=\"icon icon-chevron-right\"><\/i>\t\t\t\t\t\t<\/span>\n\t\t\t\t\t\t\t\t\t\t<span class=\"elementor-icon-list-text\">Sobre n\u00f3s<\/span>\n\t\t\t\t\t\t\t\t\t\t\t<\/a>\n\t\t\t\t\t\t\t\t\t<\/li>\n\t\t\t\t\t\t<\/ul>\n\t\t\t\t\t\t<\/div>\n\t\t\t\t<\/div>\n\t\t\t\t\t<\/div>\n\t\t\t\t<\/div>\n\t\t<div class=\"elementor-element elementor-element-8e6091 e-flex e-con-boxed e-con e-parent\" data-id=\"8e6091\" data-element_type=\"container\">\n\t\t\t\t\t<div class=\"e-con-inner\">\n\t\t\t\t<div class=\"elementor-element elementor-element-4666594e elementor-widget__width-initial elementor-widget-mobile__width-inherit elementor-widget elementor-widget-image\" data-id=\"4666594e\" data-element_type=\"widget\" data-widget_type=\"image.default\">\n\t\t\t\t\t\t\t\t\t\t\t\t\t\t\t<img fetchpriority=\"high\" decoding=\"async\" width=\"1279\" height=\"2276\" src=\"https:\/\/dachaomedical.com\/wp-content\/uploads\/76fb47ae117460b3129aede1fc330ba7.jpg\" class=\"attachment-full size-full wp-image-793\" alt=\"\" srcset=\"https:\/\/dachaomedical.com\/wp-content\/uploads\/76fb47ae117460b3129aede1fc330ba7.jpg 1279w, https:\/\/dachaomedical.com\/wp-content\/uploads\/76fb47ae117460b3129aede1fc330ba7-768x1367.jpg 768w, https:\/\/dachaomedical.com\/wp-content\/uploads\/76fb47ae117460b3129aede1fc330ba7-863x1536.jpg 863w, https:\/\/dachaomedical.com\/wp-content\/uploads\/76fb47ae117460b3129aede1fc330ba7-1151x2048.jpg 1151w, https:\/\/dachaomedical.com\/wp-content\/uploads\/76fb47ae117460b3129aede1fc330ba7-7x12.jpg 7w\" sizes=\"(max-width: 1279px) 100vw, 1279px\">\t\t\t\t\t\t\t\t\t\t\t\t\t\t\t<\/div>\n\t\t<div class=\"elementor-element elementor-element-59633c40 e-con-full e-flex e-con e-child\" data-id=\"59633c40\" data-element_type=\"container\">\n\t\t\t\t<div class=\"elementor-element elementor-element-454d0336 elementor-widget elementor-widget-heading\" data-id=\"454d0336\" data-element_type=\"widget\" data-widget_type=\"heading.default\">\n\t\t\t\t\t<h6 class=\"elementor-heading-title elementor-size-default\">Sobre n\u00f3s<\/h6>\t\t\t\t<\/div>\n\t\t\t\t<div class=\"elementor-element elementor-element-40562500 elementor-widget elementor-widget-heading\" data-id=\"40562500\" data-element_type=\"widget\" data-widget_type=\"heading.default\">\n\t\t\t\t\t<h2 class=\"elementor-heading-title elementor-size-default\">Dedicado \u00e0 esperan\u00e7a, \u00e0 cura e \u00e0 recupera\u00e7\u00e3o.<\/h2>\t\t\t\t<\/div>\n\t\t\t\t<div class=\"elementor-element elementor-element-43ee9c19 elementor-widget elementor-widget-text-editor\" data-id=\"43ee9c19\" data-element_type=\"widget\" data-widget_type=\"text-editor.default\">\n\t\t\t\t\t\t\t\t\t<p>A Guangzhou DaChao Medical Equipment Manufacturing Co., Ltd. \u00e9 uma empresa de manufatura envolvida no com\u00e9rcio exterior. Ela produz m\u00f3veis m\u00e9dicos personalizados, camas m\u00e9dicas el\u00e9tricas funcionais, cadeiras odontol\u00f3gicas el\u00e9tricas, cadeiras de rodas, m\u00e1scaras KN95, seringas descart\u00e1veis, uniformes de enfermagem e equipamentos de esteriliza\u00e7\u00e3o e desinfec\u00e7\u00e3o.<\/p>\t\t\t\t\t\t\t\t<\/div>\n\t\t<div class=\"elementor-element elementor-element-161bcc38 e-con-full e-grid e-con e-child\" data-id=\"161bcc38\" data-element_type=\"container\">\n\t\t<div class=\"elementor-element elementor-element-4302bb79 e-con-full e-flex e-con e-child\" data-id=\"4302bb79\" data-element_type=\"container\">\n\t\t\t\t<div class=\"elementor-element elementor-element-621076a elementor-widget elementor-widget-counter\" data-id=\"621076a\" data-element_type=\"widget\" data-widget_type=\"counter.default\">\n\t\t\t\t\t\t\t<div class=\"elementor-counter\">\n\t\t\t<div class=\"elementor-counter-title\">Funcion\u00e1rios<\/div>\t\t\t<div class=\"elementor-counter-number-wrapper\">\n\t\t\t\t<span class=\"elementor-counter-number-prefix\"><\/span>\n\t\t\t\t<span class=\"elementor-counter-number\" data-duration=\"2000\" data-to-value=\"150\" data-from-value=\"0\" data-delimiter=\",\">0<\/span>\n\t\t\t\t<span class=\"elementor-counter-number-suffix\">+<\/span>\n\t\t\t<\/div>\n\t\t<\/div>\n\t\t\t\t\t\t<\/div>\n\t\t\t\t<div class=\"elementor-element elementor-element-56820d71 elementor-view-default elementor-widget elementor-widget-icon\" data-id=\"56820d71\" data-element_type=\"widget\" data-widget_type=\"icon.default\">\n\t\t\t\t\t\t\t<div class=\"elementor-icon-wrapper\">\n\t\t\t<div class=\"elementor-icon\">\n\t\t\t<i aria-hidden=\"true\" class=\"icon icon-medicine-1\"><\/i>\t\t\t<\/div>\n\t\t<\/div>\n\t\t\t\t\t\t<\/div>\n\t\t\t\t<\/div>\n\t\t<div class=\"elementor-element elementor-element-4505409f e-con-full e-flex e-con e-child\" data-id=\"4505409f\" data-element_type=\"container\">\n\t\t\t\t<div class=\"elementor-element elementor-element-9a97967 elementor-widget elementor-widget-counter\" data-id=\"9a97967\" data-element_type=\"widget\" data-widget_type=\"counter.default\">\n\t\t\t\t\t\t\t<div class=\"elementor-counter\">\n\t\t\t<div class=\"elementor-counter-title\">Engenheiros<\/div>\t\t\t<div class=\"elementor-counter-number-wrapper\">\n\t\t\t\t<span class=\"elementor-counter-number-prefix\"><\/span>\n\t\t\t\t<span class=\"elementor-counter-number\" data-duration=\"2000\" data-to-value=\"50\" data-from-value=\"0\" data-delimiter=\",\">0<\/span>\n\t\t\t\t<span class=\"elementor-counter-number-suffix\">+<\/span>\n\t\t\t<\/div>\n\t\t<\/div>\n\t\t\t\t\t\t<\/div>\n\t\t\t\t<div class=\"elementor-element elementor-element-56b3df28 elementor-view-default elementor-widget elementor-widget-icon\" data-id=\"56b3df28\" data-element_type=\"widget\" data-widget_type=\"icon.default\">\n\t\t\t\t\t\t\t<div class=\"elementor-icon-wrapper\">\n\t\t\t<div class=\"elementor-icon\">\n\t\t\t<i aria-hidden=\"true\" class=\"icon icon-doctor\"><\/i>\t\t\t<\/div>\n\t\t<\/div>\n\t\t\t\t\t\t<\/div>\n\t\t\t\t<\/div>\n\t\t\t\t<\/div>\n\t\t\t\t<\/div>\n\t\t\t\t\t<\/div>\n\t\t\t\t<\/div>\n\t\t<div class=\"elementor-element elementor-element-14ff70f0 e-flex e-con-boxed e-con e-parent\" data-id=\"14ff70f0\" data-element_type=\"container\" data-settings=\"{&quot;background_background&quot;:&quot;classic&quot;}\">\n\t\t\t\t\t<div class=\"e-con-inner\">\n\t\t<div class=\"elementor-element elementor-element-536e01cb e-con-full e-flex e-con e-child\" data-id=\"536e01cb\" data-element_type=\"container\" data-settings=\"{&quot;background_background&quot;:&quot;classic&quot;}\">\n\t\t\t\t<div class=\"elementor-element elementor-element-1c98d45b elementor-widget elementor-widget-heading\" data-id=\"1c98d45b\" data-element_type=\"widget\" data-widget_type=\"heading.default\">\n\t\t\t\t\t<h4 class=\"elementor-heading-title elementor-size-default\">A nossa hist\u00f3ria<\/h4>\t\t\t\t<\/div>\n\t\t\t\t<div class=\"elementor-element elementor-element-6727fdf7 elementor-widget elementor-widget-heading\" data-id=\"6727fdf7\" data-element_type=\"widget\" data-widget_type=\"heading.default\">\n\t\t\t\t\t<h2 class=\"elementor-heading-title elementor-size-default\">Melhorando progressivamente para um mundo melhor.<\/h2>\t\t\t\t<\/div>\n\t\t\t\t<div class=\"elementor-element elementor-element-6bd1487c elementor-widget elementor-widget-text-editor\" data-id=\"6bd1487c\" data-element_type=\"widget\" data-widget_type=\"text-editor.default\">\n\t\t\t\t\t\t\t\t\t<p>A nossa empresa do grupo \u00e9 uma sociedade an\u00f3nima privada fundada em 2006. O nosso objetivo \u00e9 construir uma empresa profissional de fabrico de equipamentos m\u00e9dicos. Os nossos produtos est\u00e3o firmemente estabelecidos na Am\u00e9rica do Sul, \u00c1frica, R\u00fassia e M\u00e9dio Oriente h\u00e1 muitos anos.<\/p>\t\t\t\t\t\t\t\t<\/div>\n\t\t\t\t<\/div>\n\t\t<div class=\"elementor-element elementor-element-280fe2b4 e-con-full e-flex e-con e-child\" data-id=\"280fe2b4\" data-element_type=\"container\">\n\t\t\t\t<div class=\"elementor-element elementor-element-6c8d882b elementor-blockquote--skin-quotation elementor-blockquote--align-center elementor-widget elementor-widget-blockquote\" data-id=\"6c8d882b\" data-element_type=\"widget\" data-widget_type=\"blockquote.default\">\n\t\t\t\t\t\t\t<blockquote class=\"elementor-blockquote\">\n\t\t\t<p class=\"elementor-blockquote__content\">\n\t\t\t\t\u201c\u00c9 a sa\u00fade que \u00e9 a verdadeira riqueza, e n\u00e3o as moedas de ouro e prata.\u201d\t\t\t<\/p>\n\t\t\t\t\t\t\t<div class=\"e-q-footer\">\n\t\t\t\t\t\t\t\t\t\t\t<cite class=\"elementor-blockquote__author\">\u2013 Mahatma Gandhi<\/cite>\n\t\t\t\t\t\t\t\t\t\t\t\t\t\t<\/div>\n\t\t\t\t\t<\/blockquote>\n\t\t\t\t\t\t<\/div>\n\t\t\t\t<\/div>\n\t\t\t\t\t<\/div>\n\t\t\t\t<\/div>\n\t\t<div class=\"elementor-element elementor-element-6bc1c4e6 e-flex e-con-boxed e-con e-parent\" data-id=\"6bc1c4e6\" data-element_type=\"container\">\n\t\t\t\t\t<div class=\"e-con-inner\">\n\t\t<div class=\"elementor-element elementor-element-48ea2ade e-flex e-con-boxed e-con e-child\" data-id=\"48ea2ade\" data-element_type=\"container\">\n\t\t\t\t\t<div class=\"e-con-inner\">\n\t\t\t\t<div class=\"elementor-element elementor-element-7809fa9f elementor-widget elementor-widget-heading\" data-id=\"7809fa9f\" data-element_type=\"widget\" data-widget_type=\"heading.default\">\n\t\t\t\t\t<h2 class=\"elementor-heading-title elementor-size-default\">Certificados<\/h2>\t\t\t\t<\/div>\n\t\t\t\t<div class=\"elementor-element elementor-element-c8e2e27 elementor-widget elementor-widget-gallery\" data-id=\"c8e2e27\" data-element_type=\"widget\" data-settings=\"{&quot;gallery_layout&quot;:&quot;justified&quot;,&quot;ideal_row_height&quot;:{&quot;unit&quot;:&quot;px&quot;,&quot;size&quot;:300,&quot;sizes&quot;:[]},&quot;lazyload&quot;:&quot;yes&quot;,&quot;ideal_row_height_tablet&quot;:{&quot;unit&quot;:&quot;px&quot;,&quot;size&quot;:150,&quot;sizes&quot;:[]},&quot;ideal_row_height_mobile&quot;:{&quot;unit&quot;:&quot;px&quot;,&quot;size&quot;:150,&quot;sizes&quot;:[]},&quot;gap&quot;:{&quot;unit&quot;:&quot;px&quot;,&quot;size&quot;:10,&quot;sizes&quot;:[]},&quot;gap_tablet&quot;:{&quot;unit&quot;:&quot;px&quot;,&quot;size&quot;:10,&quot;sizes&quot;:[]},&quot;gap_mobile&quot;:{&quot;unit&quot;:&quot;px&quot;,&quot;size&quot;:10,&quot;sizes&quot;:[]},&quot;link_to&quot;:&quot;file&quot;,&quot;overlay_background&quot;:&quot;yes&quot;,&quot;content_hover_animation&quot;:&quot;fade-in&quot;}\" data-widget_type=\"gallery.default\">\n\t\t\t\t\t\t\t<div class=\"elementor-gallery__container\">\n\t\t\t\t\t\t\t<a class=\"e-gallery-item elementor-gallery-item elementor-animated-content\" href=\"https:\/\/dachaomedical.com\/wp-content\/uploads\/Medical-Consumables-8.png\" data-elementor-open-lightbox=\"yes\" data-elementor-lightbox-slideshow=\"c8e2e27\" data-elementor-lightbox-title=\"Medical Consumables (8)\" data-e-action-hash=\"#elementor-action%3Aaction%3Dlightbox%26settings%3DeyJpZCI6MjIzLCJ1cmwiOiJodHRwczpcL1wvZGFjaGFvbWVkaWNhbC5jb21cL3dwLWNvbnRlbnRcL3VwbG9hZHNcL01lZGljYWwtQ29uc3VtYWJsZXMtOC5wbmciLCJzbGlkZXNob3ciOiJjOGUyZTI3In0%3D\">\n\t\t\t\t\t<div class=\"e-gallery-image elementor-gallery-item__image\" data-thumbnail=\"https:\/\/dachaomedical.com\/wp-content\/uploads\/Medical-Consumables-8.png\" data-width=\"1083\" data-height=\"483\" aria-label=\"\" role=\"img\" ><\/div>\n\t\t\t\t\t\t\t\t\t\t\t<div class=\"elementor-gallery-item__overlay\"><\/div>\n\t\t\t\t\t\t\t\t\t\t\t\t\t\t<\/a>\n\t\t\t\t\t\t\t<a class=\"e-gallery-item elementor-gallery-item elementor-animated-content\" href=\"https:\/\/dachaomedical.com\/wp-content\/uploads\/Medical-Consumables-5.png\" data-elementor-open-lightbox=\"yes\" data-elementor-lightbox-slideshow=\"c8e2e27\" data-elementor-lightbox-title=\"Medical Consumables (5)\" data-e-action-hash=\"#elementor-action%3Aaction%3Dlightbox%26settings%3DeyJpZCI6MjE3LCJ1cmwiOiJodHRwczpcL1wvZGFjaGFvbWVkaWNhbC5jb21cL3dwLWNvbnRlbnRcL3VwbG9hZHNcL01lZGljYWwtQ29uc3VtYWJsZXMtNS5wbmciLCJzbGlkZXNob3ciOiJjOGUyZTI3In0%3D\">\n\t\t\t\t\t<div class=\"e-gallery-image elementor-gallery-item__image\" data-thumbnail=\"https:\/\/dachaomedical.com\/wp-content\/uploads\/Medical-Consumables-5.png\" data-width=\"682\" data-height=\"303\" aria-label=\"\" role=\"img\" ><\/div>\n\t\t\t\t\t\t\t\t\t\t\t<div class=\"elementor-gallery-item__overlay\"><\/div>\n\t\t\t\t\t\t\t\t\t\t\t\t\t\t<\/a>\n\t\t\t\t\t\t\t<a class=\"e-gallery-item elementor-gallery-item elementor-animated-content\" href=\"https:\/\/dachaomedical.com\/wp-content\/uploads\/Medical-Equipment-24-scaled-e1765435174314.jpg\" data-elementor-open-lightbox=\"yes\" data-elementor-lightbox-slideshow=\"c8e2e27\" data-elementor-lightbox-title=\"Medical Equipment (24)\" data-e-action-hash=\"#elementor-action%3Aaction%3Dlightbox%26settings%3DeyJpZCI6MTk2LCJ1cmwiOiJodHRwczpcL1wvZGFjaGFvbWVkaWNhbC5jb21cL3dwLWNvbnRlbnRcL3VwbG9hZHNcL01lZGljYWwtRXF1aXBtZW50LTI0LXNjYWxlZC1lMTc2NTQzNTE3NDMxNC5qcGciLCJzbGlkZXNob3ciOiJjOGUyZTI3In0%3D\">\n\t\t\t\t\t<div class=\"e-gallery-image elementor-gallery-item__image\" data-thumbnail=\"https:\/\/dachaomedical.com\/wp-content\/uploads\/Medical-Equipment-24-scaled-e1765435174314.jpg\" data-width=\"1165\" data-height=\"1694\" aria-label=\"\" role=\"img\" ><\/div>\n\t\t\t\t\t\t\t\t\t\t\t<div class=\"elementor-gallery-item__overlay\"><\/div>\n\t\t\t\t\t\t\t\t\t\t\t\t\t\t<\/a>\n\t\t\t\t\t\t\t<a class=\"e-gallery-item elementor-gallery-item elementor-animated-content\" href=\"https:\/\/dachaomedical.com\/wp-content\/uploads\/Medical-Equipment-16-scaled-e1765435199259.jpg\" data-elementor-open-lightbox=\"yes\" data-elementor-lightbox-slideshow=\"c8e2e27\" data-elementor-lightbox-title=\"Medical Equipment (16)\" data-e-action-hash=\"#elementor-action%3Aaction%3Dlightbox%26settings%3DeyJpZCI6MTg4LCJ1cmwiOiJodHRwczpcL1wvZGFjaGFvbWVkaWNhbC5jb21cL3dwLWNvbnRlbnRcL3VwbG9hZHNcL01lZGljYWwtRXF1aXBtZW50LTE2LXNjYWxlZC1lMTc2NTQzNTE5OTI1OS5qcGciLCJzbGlkZXNob3ciOiJjOGUyZTI3In0%3D\">\n\t\t\t\t\t<div class=\"e-gallery-image elementor-gallery-item__image\" data-thumbnail=\"https:\/\/dachaomedical.com\/wp-content\/uploads\/Medical-Equipment-16-scaled-e1765435199259.jpg\" data-width=\"1165\" data-height=\"1660\" aria-label=\"\" role=\"img\" ><\/div>\n\t\t\t\t\t\t\t\t\t\t\t<div class=\"elementor-gallery-item__overlay\"><\/div>\n\t\t\t\t\t\t\t\t\t\t\t\t\t\t<\/a>\n\t\t\t\t\t\t\t<a class=\"e-gallery-item elementor-gallery-item elementor-animated-content\" href=\"https:\/\/dachaomedical.com\/wp-content\/uploads\/b4e119e15ee19bb26005cb875c1396c8.png\" data-elementor-open-lightbox=\"yes\" data-elementor-lightbox-slideshow=\"c8e2e27\" data-elementor-lightbox-title=\"b4e119e15ee19bb26005cb875c1396c8\" data-e-action-hash=\"#elementor-action%3Aaction%3Dlightbox%26settings%3DeyJpZCI6ODU5LCJ1cmwiOiJodHRwczpcL1wvZGFjaGFvbWVkaWNhbC5jb21cL3dwLWNvbnRlbnRcL3VwbG9hZHNcL2I0ZTExOWUxNWVlMTliYjI2MDA1Y2I4NzVjMTM5NmM4LnBuZyIsInNsaWRlc2hvdyI6ImM4ZTJlMjcifQ%3D%3D\">\n\t\t\t\t\t<div class=\"e-gallery-image elementor-gallery-item__image\" data-thumbnail=\"https:\/\/dachaomedical.com\/wp-content\/uploads\/b4e119e15ee19bb26005cb875c1396c8.png\" data-width=\"548\" data-height=\"782\" aria-label=\"\" role=\"img\" ><\/div>\n\t\t\t\t\t\t\t\t\t\t\t<div class=\"elementor-gallery-item__overlay\"><\/div>\n\t\t\t\t\t\t\t\t\t\t\t\t\t\t<\/a>\n\t\t\t\t\t\t\t<a class=\"e-gallery-item elementor-gallery-item elementor-animated-content\" href=\"https:\/\/dachaomedical.com\/wp-content\/uploads\/4abda3200ed51338596b4c195f984a25.png\" data-elementor-open-lightbox=\"yes\" data-elementor-lightbox-slideshow=\"c8e2e27\" data-elementor-lightbox-title=\"4abda3200ed51338596b4c195f984a25\" data-e-action-hash=\"#elementor-action%3Aaction%3Dlightbox%26settings%3DeyJpZCI6ODU3LCJ1cmwiOiJodHRwczpcL1wvZGFjaGFvbWVkaWNhbC5jb21cL3dwLWNvbnRlbnRcL3VwbG9hZHNcLzRhYmRhMzIwMGVkNTEzMzg1OTZiNGMxOTVmOTg0YTI1LnBuZyIsInNsaWRlc2hvdyI6ImM4ZTJlMjcifQ%3D%3D\">\n\t\t\t\t\t<div class=\"e-gallery-image elementor-gallery-item__image\" data-thumbnail=\"https:\/\/dachaomedical.com\/wp-content\/uploads\/4abda3200ed51338596b4c195f984a25.png\" data-width=\"584\" data-height=\"825\" aria-label=\"\" role=\"img\" ><\/div>\n\t\t\t\t\t\t\t\t\t\t\t<div class=\"elementor-gallery-item__overlay\"><\/div>\n\t\t\t\t\t\t\t\t\t\t\t\t\t\t<\/a>\n\t\t\t\t\t\t\t<a class=\"e-gallery-item elementor-gallery-item elementor-animated-content\" href=\"https:\/\/dachaomedical.com\/wp-content\/uploads\/8ed34893875c21e8b336502f4f1588bd.png\" data-elementor-open-lightbox=\"yes\" data-elementor-lightbox-slideshow=\"c8e2e27\" data-elementor-lightbox-title=\"8ed34893875c21e8b336502f4f1588bd\" data-e-action-hash=\"#elementor-action%3Aaction%3Dlightbox%26settings%3DeyJpZCI6ODU4LCJ1cmwiOiJodHRwczpcL1wvZGFjaGFvbWVkaWNhbC5jb21cL3dwLWNvbnRlbnRcL3VwbG9hZHNcLzhlZDM0ODkzODc1YzIxZThiMzM2NTAyZjRmMTU4OGJkLnBuZyIsInNsaWRlc2hvdyI6ImM4ZTJlMjcifQ%3D%3D\">\n\t\t\t\t\t<div class=\"e-gallery-image elementor-gallery-item__image\" data-thumbnail=\"https:\/\/dachaomedical.com\/wp-content\/uploads\/8ed34893875c21e8b336502f4f1588bd.png\" data-width=\"489\" data-height=\"720\" aria-label=\"\" role=\"img\" ><\/div>\n\t\t\t\t\t\t\t\t\t\t\t<div class=\"elementor-gallery-item__overlay\"><\/div>\n\t\t\t\t\t\t\t\t\t\t\t\t\t\t<\/a>\n\t\t\t\t\t<\/div>\n\t\t\t\t\t<\/div>\n\t\t\t\t\t<\/div>\n\t\t\t\t<\/div>\n\t\t\t\t\t<\/div>\n\t\t\t\t<\/div>\n\t\t<div class=\"elementor-element elementor-element-7abe4bd0 e-flex e-con-boxed e-con e-parent\" data-id=\"7abe4bd0\" data-element_type=\"container\">\n\t\t\t\t\t<div class=\"e-con-inner\">\n\t\t<div class=\"elementor-element elementor-element-3ad3b97 e-con-full e-flex e-con e-child\" data-id=\"3ad3b97\" data-element_type=\"container\">\n\t\t\t\t<div class=\"elementor-element elementor-element-61045418 elementor-widget elementor-widget-image\" data-id=\"61045418\" data-element_type=\"widget\" data-widget_type=\"image.default\">\n\t\t\t\t\t\t\t\t\t\t\t\t\t\t\t<img decoding=\"async\" src=\"https:\/\/dachaomedical.com\/wp-content\/uploads\/elementor\/thumbs\/caring-senior-couple-1-rfznpvf2fazzlri3q4mcbcrdlge60lhrc8t38ux3wg.jpg\" title=\"casal-de-idosos-carinhoso\" alt=\"casal-de-idosos-carinhoso\" loading=\"lazy\" \/>\t\t\t\t\t\t\t\t\t\t\t\t\t\t\t<\/div>\n\t\t\t\t<\/div>\n\t\t<div class=\"elementor-element elementor-element-1dd51001 e-con-full e-flex e-con e-child\" data-id=\"1dd51001\" data-element_type=\"container\">\n\t\t\t\t<div class=\"elementor-element elementor-element-5500fc16 elementor-widget elementor-widget-heading\" data-id=\"5500fc16\" data-element_type=\"widget\" data-widget_type=\"heading.default\">\n\t\t\t\t\t<h2 class=\"elementor-heading-title elementor-size-default\">Em caso de necessidade m\u00e9dica, estamos \u00e0 disposi\u00e7\u00e3o para ajudar.<\/h2>\t\t\t\t<\/div>\n\t\t\t\t<div class=\"elementor-element elementor-element-65a54b91 elementor-widget elementor-widget-text-editor\" data-id=\"65a54b91\" data-element_type=\"widget\" data-widget_type=\"text-editor.default\">\n\t\t\t\t\t\t\t\t\t<p>Deixe que os nossos produtos profissionais satisfa\u00e7am as suas necessidades e criem uma vida maravilhosa para si no futuro. Concentra\u00e7\u00e3o, dedica\u00e7\u00e3o e profissionalismo permitir\u00e3o que o mundo reconhe\u00e7a o nosso valor.<\/p>\t\t\t\t\t\t\t\t<\/div>\n\t\t\t\t<div class=\"elementor-element elementor-element-472d1cde elementor-widget elementor-widget-image\" data-id=\"472d1cde\" data-element_type=\"widget\" data-widget_type=\"image.default\">\n\t\t\t\t\t\t\t\t\t\t\t\t\t\t\t<img decoding=\"async\" src=\"https:\/\/dachaomedical.com\/wp-content\/uploads\/elementor\/thumbs\/Signature-rfzqb6u8x6nwwbdpfaf1rx28qn9s93gye0ne7cljwg.jpg\" title=\"Assinatura\" alt=\"Assinatura\" loading=\"lazy\" \/>\t\t\t\t\t\t\t\t\t\t\t\t\t\t\t<\/div>\n\t\t\t\t<div class=\"elementor-element elementor-element-43022e37 elementor-widget elementor-widget-heading\" data-id=\"43022e37\" data-element_type=\"widget\" data-widget_type=\"heading.default\">\n\t\t\t\t\t<h5 class=\"elementor-heading-title elementor-size-default\">Fundador e CEO<\/h5>\t\t\t\t<\/div>\n\t\t\t\t<\/div>\n\t\t\t\t\t<\/div>\n\t\t\t\t<\/div>\n\t\t\t\t<\/div>","protected":false},"excerpt":{"rendered":"<p>About Us Our group company has over a hundred employees. The branches are located in different cities of the Guangdong Greater Bay Area of China, producing different types of products and selling them to different countries. We hold multiple international recognized medical certification certificates and look forward to creating a beautiful and clean medical environment [&hellip;]<\/p>","protected":false},"author":4,"featured_media":0,"parent":0,"menu_order":1,"comment_status":"closed","ping_status":"closed","template":"","meta":{"footnotes":""},"class_list":["post-49","page","type-page","status-publish","hentry"],"_links":{"self":[{"href":"https:\/\/dachaomedical.com\/pt\/wp-json\/wp\/v2\/pages\/49","targetHints":{"allow":["GET"]}}],"collection":[{"href":"https:\/\/dachaomedical.com\/pt\/wp-json\/wp\/v2\/pages"}],"about":[{"href":"https:\/\/dachaomedical.com\/pt\/wp-json\/wp\/v2\/types\/page"}],"author":[{"embeddable":true,"href":"https:\/\/dachaomedical.com\/pt\/wp-json\/wp\/v2\/users\/4"}],"replies":[{"embeddable":true,"href":"https:\/\/dachaomedical.com\/pt\/wp-json\/wp\/v2\/comments?post=49"}],"version-history":[{"count":0,"href":"https:\/\/dachaomedical.com\/pt\/wp-json\/wp\/v2\/pages\/49\/revisions"}],"wp:attachment":[{"href":"https:\/\/dachaomedical.com\/pt\/wp-json\/wp\/v2\/media?parent=49"}],"curies":[{"name":"wp","href":"https:\/\/api.w.org\/{rel}","templated":true}]}}